{"id":137451,"date":"2019-11-25T08:25:10","date_gmt":"2019-11-25T08:25:10","guid":{"rendered":"https:\/\/ehme.eu\/?page_id=137451"},"modified":"2020-02-19T14:43:56","modified_gmt":"2020-02-19T14:43:56","slug":"empleo","status":"publish","type":"page","link":"https:\/\/ehme.eu\/es\/empleo\/","title":{"rendered":"Empleo"},"content":{"rendered":"<p>[vc_row][vc_column width=\u00bb2\/3&#8243;]        <div class=\"event-listing un-grid-listing un-post-grid un-post-grid-3817 \" data-delay=0>\n            <div class=\"grid-listing-wrap\">\n                <div class=\"grid-listing no-overlay-bottom\">\n                \t                    <div class=\"grid-item grid-header\">\n                        <div class=\"grid-item-inner main-color-1-bg dark-div\"  >\n                            <div class=\"grid-item-content event-item\">\n                                <h1>Ofertas de trabajo<\/h1>                                <p>Ofertas de trabajo<\/p>                                                            <\/div>\n                        <\/div>\n                    <\/div>\n                                                                <div class=\"grid-item grid-post-id-140084\">\n                            <div class=\"grid-item-inner\">\n                                <div class=\"grid-item-content event-item dark-div\">\n                                    <div class=\"event-thumbnail\">\n                                        <a href=\"https:\/\/ehme.eu\/es\/oferta-trabajo-zumarraga-2\/\" title=\"OFERTA TRABAJO &#8211; ZUMARRAGA\"  >\n                                                                                        <img loading=\"lazy\" decoding=\"async\" src=\"https:\/\/ehme.eu\/wp-content\/uploads\/2014\/10\/zumarraga.jpg\" width=\"334\" height=\"307\" title=\"OFERTA TRABAJO &#8211; ZUMARRAGA\" alt=\"OFERTA TRABAJO &#8211; ZUMARRAGA\">\n                                        <\/a>\n                                    <\/div>\n                                                                            <div class=\"date-block \">\n                                        \t                                                                                        <div class=\"month\">Abr<\/div>\n                                            <div class=\"day\">20<\/div>                                        <\/div>\n                                                                        <div class=\"event-overlay\">\n                                        <a class=\"overlay-top\" href=\"https:\/\/ehme.eu\/es\/oferta-trabajo-zumarraga-2\/\" title=\"OFERTA TRABAJO &#8211; ZUMARRAGA\">\n                                            <h4>OFERTA TRABAJO &#8211; ZUMARRAGA<\/h4>\n                                                                                    <\/a>\n                                        <div class=\"overlay-bottom\">\n                                        \t\t\t\t\t\t\t\t\t\t\t\t\t                                                                                                                                        \n\t\t\t\t\t\t\t\t\t\t\t                                            \n                                        <\/div>\n                                    <\/div>\n                                <\/div><!--\/event-item-->\n                            <\/div>\n                                                    <\/div><!--\/grid-item-->\n                                                <div class=\"grid-item grid-post-id-140080\">\n                            <div class=\"grid-item-inner\">\n                                <div class=\"grid-item-content event-item dark-div\">\n                                    <div class=\"event-thumbnail\">\n                                        <a href=\"https:\/\/ehme.eu\/es\/oferta-de-trabajo-azkoitia-7\/\" title=\"OFERTA DE TRABAJO &#8211; AZKOITIA\"  >\n                                                                                        <img loading=\"lazy\" decoding=\"async\" src=\"https:\/\/ehme.eu\/wp-content\/uploads\/2026\/04\/azkoitia-554x674.jpg\" width=\"554\" height=\"674\" title=\"OFERTA DE TRABAJO &#8211; AZKOITIA\" alt=\"OFERTA DE TRABAJO &#8211; AZKOITIA\">\n                                        <\/a>\n                                    <\/div>\n                                                                            <div class=\"date-block \">\n                                        \t                                                                                        <div class=\"month\">Abr<\/div>\n                                            <div class=\"day\">16<\/div>                                        <\/div>\n                                                                        <div class=\"event-overlay\">\n                                        <a class=\"overlay-top\" href=\"https:\/\/ehme.eu\/es\/oferta-de-trabajo-azkoitia-7\/\" title=\"OFERTA DE TRABAJO &#8211; AZKOITIA\">\n                                            <h4>OFERTA DE TRABAJO &#8211; AZKOITIA<\/h4>\n                                                                                    <\/a>\n                                        <div class=\"overlay-bottom\">\n                                        \t\t\t\t\t\t\t\t\t\t\t\t\t                                                                                                                                        \n\t\t\t\t\t\t\t\t\t\t\t                                            \n                                        <\/div>\n                                    <\/div>\n                                <\/div><!--\/event-item-->\n                            <\/div>\n                                                    <\/div><!--\/grid-item-->\n                                                <div class=\"grid-item grid-post-id-140044\">\n                            <div class=\"grid-item-inner\">\n                                <div class=\"grid-item-content event-item dark-div\">\n                                    <div class=\"event-thumbnail\">\n                                        <a href=\"https:\/\/ehme.eu\/es\/oferta-de-trabajo\/\" title=\"OFERTA DE TRABAJO\"  >\n                                                                                        <img loading=\"lazy\" decoding=\"async\" src=\"https:\/\/ehme.eu\/wp-content\/uploads\/2014\/10\/bizkargi-logo-1.png\" width=\"300\" height=\"300\" title=\"OFERTA DE TRABAJO\" alt=\"OFERTA DE TRABAJO\">\n                                        <\/a>\n                                    <\/div>\n                                                                            <div class=\"date-block \">\n                                        \t                                                                                        <div class=\"month\">Feb<\/div>\n                                            <div class=\"day\">09<\/div>                                        <\/div>\n                                                                        <div class=\"event-overlay\">\n                                        <a class=\"overlay-top\" href=\"https:\/\/ehme.eu\/es\/oferta-de-trabajo\/\" title=\"OFERTA DE TRABAJO\">\n                                            <h4>OFERTA DE TRABAJO<\/h4>\n                                                                                    <\/a>\n                                        <div class=\"overlay-bottom\">\n                                        \t\t\t\t\t\t\t\t\t\t\t\t\t                                                                                                                                        \n\t\t\t\t\t\t\t\t\t\t\t                                            \n                                        <\/div>\n                                    <\/div>\n                                <\/div><!--\/event-item-->\n                            <\/div>\n                                                    <\/div><!--\/grid-item-->\n                                                <div class=\"grid-item grid-post-id-139987\">\n                            <div class=\"grid-item-inner\">\n                                <div class=\"grid-item-content event-item dark-div\">\n                                    <div class=\"event-thumbnail\">\n                                        <a href=\"https:\/\/ehme.eu\/es\/oferta-de-trabajo-zegama\/\" title=\"OFERTA DE TRABAJO &#8211; ZEGAMA\"  >\n                                                                                        <img loading=\"lazy\" decoding=\"async\" src=\"https:\/\/ehme.eu\/wp-content\/uploads\/2014\/10\/tobera-554x674.jpg\" width=\"554\" height=\"674\" title=\"OFERTA DE TRABAJO &#8211; ZEGAMA\" alt=\"OFERTA DE TRABAJO &#8211; ZEGAMA\">\n                                        <\/a>\n                                    <\/div>\n                                                                            <div class=\"date-block \">\n                                        \t                                                                                        <div class=\"month\">Nov<\/div>\n                                            <div class=\"day\">05<\/div>                                        <\/div>\n                                                                        <div class=\"event-overlay\">\n                                        <a class=\"overlay-top\" href=\"https:\/\/ehme.eu\/es\/oferta-de-trabajo-zegama\/\" title=\"OFERTA DE TRABAJO &#8211; ZEGAMA\">\n                                            <h4>OFERTA DE TRABAJO &#8211; ZEGAMA<\/h4>\n                                                                                    <\/a>\n                                        <div class=\"overlay-bottom\">\n                                        \t\t\t\t\t\t\t\t\t\t\t\t\t                                                                                                                                        \n\t\t\t\t\t\t\t\t\t\t\t                                            \n                                        <\/div>\n                                    <\/div>\n                                <\/div><!--\/event-item-->\n                            <\/div>\n                                                    <\/div><!--\/grid-item-->\n                                                <div class=\"grid-item grid-post-id-139973\">\n                            <div class=\"grid-item-inner\">\n                                <div class=\"grid-item-content event-item dark-div\">\n                                    <div class=\"event-thumbnail\">\n                                        <a href=\"https:\/\/ehme.eu\/es\/oferta-de-trabajo-lazkao-7\/\" title=\"OFERTA DE TRABAJO &#8211; LAZKAO\"  >\n                                                                                        <img loading=\"lazy\" decoding=\"async\" src=\"https:\/\/ehme.eu\/wp-content\/uploads\/2014\/10\/lazkao.jpg\" width=\"221\" height=\"156\" title=\"OFERTA DE TRABAJO &#8211; LAZKAO\" alt=\"OFERTA DE TRABAJO &#8211; LAZKAO\">\n                                        <\/a>\n                                    <\/div>\n                                                                            <div class=\"date-block \">\n                                        \t                                                                                        <div class=\"month\">Oct<\/div>\n                                            <div class=\"day\">28<\/div>                                        <\/div>\n                                                                        <div class=\"event-overlay\">\n                                        <a class=\"overlay-top\" href=\"https:\/\/ehme.eu\/es\/oferta-de-trabajo-lazkao-7\/\" title=\"OFERTA DE TRABAJO &#8211; LAZKAO\">\n                                            <h4>OFERTA DE TRABAJO &#8211; LAZKAO<\/h4>\n                                                                                    <\/a>\n                                        <div class=\"overlay-bottom\">\n                                        \t\t\t\t\t\t\t\t\t\t\t\t\t                                                                                                                                        \n\t\t\t\t\t\t\t\t\t\t\t                                            \n                                        <\/div>\n                                    <\/div>\n                                <\/div><!--\/event-item-->\n                            <\/div>\n                                                    <\/div><!--\/grid-item-->\n                                                <div class=\"grid-item grid-post-id-139964\">\n                            <div class=\"grid-item-inner\">\n                                <div class=\"grid-item-content event-item dark-div\">\n                                    <div class=\"event-thumbnail\">\n                                        <a href=\"https:\/\/ehme.eu\/es\/oferta-trabajo-berriatua\/\" title=\"OFERTA TRABAJO &#8211; BERRIATUA\"  >\n                                                                                        <img loading=\"lazy\" decoding=\"async\" src=\"https:\/\/ehme.eu\/wp-content\/uploads\/2025\/09\/tarine.png\" width=\"300\" height=\"300\" title=\"OFERTA TRABAJO &#8211; BERRIATUA\" alt=\"OFERTA TRABAJO &#8211; BERRIATUA\">\n                                        <\/a>\n                                    <\/div>\n                                                                            <div class=\"date-block \">\n                                        \t                                                                                        <div class=\"month\">Oct<\/div>\n                                            <div class=\"day\">02<\/div>                                        <\/div>\n                                                                        <div class=\"event-overlay\">\n                                        <a class=\"overlay-top\" href=\"https:\/\/ehme.eu\/es\/oferta-trabajo-berriatua\/\" title=\"OFERTA TRABAJO &#8211; BERRIATUA\">\n                                            <h4>OFERTA TRABAJO &#8211; BERRIATUA<\/h4>\n                                                                                    <\/a>\n                                        <div class=\"overlay-bottom\">\n                                        \t\t\t\t\t\t\t\t\t\t\t\t\t                                                                                                                                        \n\t\t\t\t\t\t\t\t\t\t\t                                            \n                                        <\/div>\n                                    <\/div>\n                                <\/div><!--\/event-item-->\n                            <\/div>\n                                                    <\/div><!--\/grid-item-->\n                                                <div class=\"grid-item grid-post-id-139959\">\n                            <div class=\"grid-item-inner\">\n                                <div class=\"grid-item-content event-item dark-div\">\n                                    <div class=\"event-thumbnail\">\n                                        <a href=\"https:\/\/ehme.eu\/es\/oferta-de-trabajo-arratia\/\" title=\"OFERTA DE TRABAJO &#8211; ARRATIA\"  >\n                                                                                        <img loading=\"lazy\" decoding=\"async\" src=\"https:\/\/ehme.eu\/wp-content\/uploads\/2014\/10\/Arratiakoa.png\" width=\"210\" height=\"108\" title=\"OFERTA DE TRABAJO &#8211; ARRATIA\" alt=\"OFERTA DE TRABAJO &#8211; ARRATIA\">\n                                        <\/a>\n                                    <\/div>\n                                                                            <div class=\"date-block \">\n                                        \t                                                                                        <div class=\"month\">Sep<\/div>\n                                            <div class=\"day\">30<\/div>                                        <\/div>\n                                                                        <div class=\"event-overlay\">\n                                        <a class=\"overlay-top\" href=\"https:\/\/ehme.eu\/es\/oferta-de-trabajo-arratia\/\" title=\"OFERTA DE TRABAJO &#8211; ARRATIA\">\n                                            <h4>OFERTA DE TRABAJO &#8211; ARRATIA<\/h4>\n                                                                                    <\/a>\n                                        <div class=\"overlay-bottom\">\n                                        \t\t\t\t\t\t\t\t\t\t\t\t\t                                                                                                                                        \n\t\t\t\t\t\t\t\t\t\t\t                                            \n                                        <\/div>\n                                    <\/div>\n                                <\/div><!--\/event-item-->\n                            <\/div>\n                                                    <\/div><!--\/grid-item-->\n                                        <\/div>\n            <\/div>\n        <\/div><!--\/un-grid-listing-->\n                <style scoped>\n\t\t@media (min-width: 992px){\n\t\t\t.un-post-grid-3817 .grid-item {\n\t\t\t\twidth: 33.333333333333%;\n\t\t\t}\n\t\t}\n\t\t<\/style>\n        \t[\/vc_column][vc_column width=\u00bb1\/3&#8243;]\n<div class=\"wpcf7 no-js\" id=\"wpcf7-f137423-o1\" lang=\"es-ES\" dir=\"ltr\" data-wpcf7-id=\"137423\">\n<div class=\"screen-reader-response\"><p role=\"status\" aria-live=\"polite\" aria-atomic=\"true\"><\/p> <ul><\/ul><\/div>\n<form action=\"\/es\/wp-json\/wp\/v2\/pages\/137451#wpcf7-f137423-o1\" method=\"post\" class=\"wpcf7-form init\" aria-label=\"Formulario de contacto\" enctype=\"multipart\/form-data\" novalidate=\"novalidate\" data-status=\"init\">\n<fieldset class=\"hidden-fields-container\"><input type=\"hidden\" name=\"_wpcf7\" value=\"137423\" \/><input type=\"hidden\" name=\"_wpcf7_version\" value=\"6.1.1\" \/><input type=\"hidden\" name=\"_wpcf7_locale\" value=\"es_ES\" \/><input type=\"hidden\" name=\"_wpcf7_unit_tag\" value=\"wpcf7-f137423-o1\" \/><input type=\"hidden\" name=\"_wpcf7_container_post\" value=\"0\" \/><input type=\"hidden\" name=\"_wpcf7_posted_data_hash\" value=\"\" \/><input type=\"hidden\" name=\"_wpcf7_recaptcha_response\" value=\"\" \/>\n<\/fieldset>\n<div class=\"widget-title\">\n\t<h3><b>\u00bfNo hay ninguna oferta para tu perfil?<\/b>\n\t<\/h3>\n<\/div>\n<p> Si lo deseas env\u00edanos candidatura espont\u00e1nea\n<\/p>\n<p><span class=\"wpcf7-form-control-wrap\" data-name=\"your-name\"><input size=\"40\" maxlength=\"400\" class=\"wpcf7-form-control wpcf7-text wpcf7-validates-as-required\" aria-required=\"true\" aria-invalid=\"false\" placeholder=\"Nombre (requerido)\" value=\"\" type=\"text\" name=\"your-name\" \/><\/span><br \/>\n<span class=\"wpcf7-form-control-wrap\" data-name=\"your-email\"><input size=\"40\" maxlength=\"400\" class=\"wpcf7-form-control wpcf7-email wpcf7-validates-as-required wpcf7-text wpcf7-validates-as-email\" aria-required=\"true\" aria-invalid=\"false\" placeholder=\"Email (requerido)\" value=\"\" type=\"email\" name=\"your-email\" \/><\/span><br \/>\n<span class=\"wpcf7-form-control-wrap\" data-name=\"your-message\"><textarea cols=\"40\" rows=\"10\" maxlength=\"2000\" class=\"wpcf7-form-control wpcf7-textarea\" aria-invalid=\"false\" placeholder=\"Mensaje\" name=\"your-message\"><\/textarea><\/span><br \/>\n<span class=\"upload_file\">Env\u00edanos tu curr\u00edculum<br \/>\n<span class=\"wpcf7-form-control-wrap\" data-name=\"cv\"><input size=\"40\" class=\"wpcf7-form-control wpcf7-file\" accept=\".pdf,.doc,.docx\" aria-invalid=\"false\" type=\"file\" name=\"cv\" \/><\/span><\/span><br \/>\n<input class=\"wpcf7-form-control wpcf7-submit has-spinner\" type=\"submit\" value=\"Enviar\" \/>\n<\/p><div class=\"wpcf7-response-output\" aria-hidden=\"true\"><\/div>\n<\/form>\n<\/div>\n[\/vc_column][\/vc_row]<\/p>\n","protected":false},"excerpt":{"rendered":"<p>[vc_row][vc_column width=\u00bb2\/3&#8243;][\/vc_column][vc_column width=\u00bb1\/3&#8243;][\/vc_column][\/vc_row]<\/p>\n","protected":false},"author":9,"featured_media":0,"parent":0,"menu_order":80,"comment_status":"closed","ping_status":"closed","template":"","meta":{"footnotes":""},"class_list":["post-137451","page","type-page","status-publish","hentry"],"yoast_head":"<!-- This site is optimized with the Yoast SEO plugin v27.5 - https:\/\/yoast.com\/product\/yoast-seo-wordpress\/ -->\n<title>Empleo - EHME<\/title>\n<meta name=\"robots\" content=\"index, follow, max-snippet:-1, max-image-preview:large, max-video-preview:-1\" \/>\n<link rel=\"canonical\" href=\"https:\/\/ehme.eu\/enplegua\/\" \/>\n<meta property=\"og:locale\" content=\"es_ES\" \/>\n<meta property=\"og:type\" content=\"article\" \/>\n<meta property=\"og:title\" content=\"Empleo - EHME\" \/>\n<meta property=\"og:description\" content=\"[vc_row][vc_column width=\u00bb2\/3&#8243;][\/vc_column][vc_column width=\u00bb1\/3&#8243;][\/vc_column][\/vc_row]\" \/>\n<meta property=\"og:url\" content=\"https:\/\/ehme.eu\/enplegua\/\" \/>\n<meta property=\"og:site_name\" content=\"EHME\" \/>\n<meta property=\"article:modified_time\" content=\"2020-02-19T14:43:56+00:00\" \/>\n<meta name=\"twitter:card\" content=\"summary_large_image\" \/>\n<script type=\"application\/ld+json\" class=\"yoast-schema-graph\">{\"@context\":\"https:\\\/\\\/schema.org\",\"@graph\":[{\"@type\":\"WebPage\",\"@id\":\"https:\\\/\\\/ehme.eu\\\/enplegua\\\/\",\"url\":\"https:\\\/\\\/ehme.eu\\\/enplegua\\\/\",\"name\":\"Empleo - EHME\",\"isPartOf\":{\"@id\":\"https:\\\/\\\/ehme.eu\\\/#website\"},\"datePublished\":\"2019-11-25T08:25:10+00:00\",\"dateModified\":\"2020-02-19T14:43:56+00:00\",\"breadcrumb\":{\"@id\":\"https:\\\/\\\/ehme.eu\\\/enplegua\\\/#breadcrumb\"},\"inLanguage\":\"es\",\"potentialAction\":[{\"@type\":\"ReadAction\",\"target\":[\"https:\\\/\\\/ehme.eu\\\/enplegua\\\/\"]}]},{\"@type\":\"BreadcrumbList\",\"@id\":\"https:\\\/\\\/ehme.eu\\\/enplegua\\\/#breadcrumb\",\"itemListElement\":[{\"@type\":\"ListItem\",\"position\":1,\"name\":\"Portada\",\"item\":\"https:\\\/\\\/ehme.eu\\\/es\\\/\"},{\"@type\":\"ListItem\",\"position\":2,\"name\":\"Empleo\"}]},{\"@type\":\"WebSite\",\"@id\":\"https:\\\/\\\/ehme.eu\\\/#website\",\"url\":\"https:\\\/\\\/ehme.eu\\\/\",\"name\":\"EHME\",\"description\":\"Asociaci\u00f3n de Escuelas de M\u00fasica y Danza del Pa\u00eds Vasco\",\"potentialAction\":[{\"@type\":\"SearchAction\",\"target\":{\"@type\":\"EntryPoint\",\"urlTemplate\":\"https:\\\/\\\/ehme.eu\\\/?s={search_term_string}\"},\"query-input\":{\"@type\":\"PropertyValueSpecification\",\"valueRequired\":true,\"valueName\":\"search_term_string\"}}],\"inLanguage\":\"es\"}]}<\/script>\n<!-- \/ Yoast SEO plugin. -->","yoast_head_json":{"title":"Empleo - EHME","robots":{"index":"index","follow":"follow","max-snippet":"max-snippet:-1","max-image-preview":"max-image-preview:large","max-video-preview":"max-video-preview:-1"},"canonical":"https:\/\/ehme.eu\/enplegua\/","og_locale":"es_ES","og_type":"article","og_title":"Empleo - EHME","og_description":"[vc_row][vc_column width=\u00bb2\/3&#8243;][\/vc_column][vc_column width=\u00bb1\/3&#8243;][\/vc_column][\/vc_row]","og_url":"https:\/\/ehme.eu\/enplegua\/","og_site_name":"EHME","article_modified_time":"2020-02-19T14:43:56+00:00","twitter_card":"summary_large_image","schema":{"@context":"https:\/\/schema.org","@graph":[{"@type":"WebPage","@id":"https:\/\/ehme.eu\/enplegua\/","url":"https:\/\/ehme.eu\/enplegua\/","name":"Empleo - EHME","isPartOf":{"@id":"https:\/\/ehme.eu\/#website"},"datePublished":"2019-11-25T08:25:10+00:00","dateModified":"2020-02-19T14:43:56+00:00","breadcrumb":{"@id":"https:\/\/ehme.eu\/enplegua\/#breadcrumb"},"inLanguage":"es","potentialAction":[{"@type":"ReadAction","target":["https:\/\/ehme.eu\/enplegua\/"]}]},{"@type":"BreadcrumbList","@id":"https:\/\/ehme.eu\/enplegua\/#breadcrumb","itemListElement":[{"@type":"ListItem","position":1,"name":"Portada","item":"https:\/\/ehme.eu\/es\/"},{"@type":"ListItem","position":2,"name":"Empleo"}]},{"@type":"WebSite","@id":"https:\/\/ehme.eu\/#website","url":"https:\/\/ehme.eu\/","name":"EHME","description":"Asociaci\u00f3n de Escuelas de M\u00fasica y Danza del Pa\u00eds Vasco","potentialAction":[{"@type":"SearchAction","target":{"@type":"EntryPoint","urlTemplate":"https:\/\/ehme.eu\/?s={search_term_string}"},"query-input":{"@type":"PropertyValueSpecification","valueRequired":true,"valueName":"search_term_string"}}],"inLanguage":"es"}]}},"_links":{"self":[{"href":"https:\/\/ehme.eu\/es\/wp-json\/wp\/v2\/pages\/137451","targetHints":{"allow":["GET"]}}],"collection":[{"href":"https:\/\/ehme.eu\/es\/wp-json\/wp\/v2\/pages"}],"about":[{"href":"https:\/\/ehme.eu\/es\/wp-json\/wp\/v2\/types\/page"}],"author":[{"embeddable":true,"href":"https:\/\/ehme.eu\/es\/wp-json\/wp\/v2\/users\/9"}],"replies":[{"embeddable":true,"href":"https:\/\/ehme.eu\/es\/wp-json\/wp\/v2\/comments?post=137451"}],"version-history":[{"count":0,"href":"https:\/\/ehme.eu\/es\/wp-json\/wp\/v2\/pages\/137451\/revisions"}],"wp:attachment":[{"href":"https:\/\/ehme.eu\/es\/wp-json\/wp\/v2\/media?parent=137451"}],"curies":[{"name":"wp","href":"https:\/\/api.w.org\/{rel}","templated":true}]}}