{"id":137655,"date":"2020-02-06T14:17:39","date_gmt":"2020-02-06T14:17:39","guid":{"rendered":"https:\/\/ehme.eu\/?page_id=137655"},"modified":"2024-06-26T10:19:14","modified_gmt":"2024-06-26T10:19:14","slug":"como-asociarse","status":"publish","type":"page","link":"https:\/\/ehme.eu\/es\/como-asociarse\/","title":{"rendered":"C\u00f3mo asociarse"},"content":{"rendered":"<p>[vc_row full_width=\u00bbstretch_row_content_no_spaces\u00bb u_row_style=\u00bb0&#8243; u_row_paralax=\u00bb0&#8243; u_row_scheme=\u00bb0&#8243; css=\u00bb.vc_custom_1581001696304{padding-top: 200px !important;padding-bottom: 200px !important;background-image: url(https:\/\/ehme.eu\/wp-content\/uploads\/2020\/02\/como-asociarse-EHME-2.jpg?id=137686) !important;background-position: center !important;background-repeat: no-repeat !important;background-size: cover !important;}\u00bb][vc_column][\/vc_column][\/vc_row][vc_row full_width=\u00bbstretch_row\u00bb equal_height=\u00bbyes\u00bb content_placement=\u00bbtop\u00bb u_row_style=\u00bb0&#8243; u_row_paralax=\u00bb0&#8243; u_row_scheme=\u00bb0&#8243; css=\u00bb.vc_custom_1582037688334{margin-top: 20px !important;margin-bottom: 20px !important;margin-left: 10px !important;}\u00bb][vc_column width=\u00bb1\/3&#8243; css=\u00bb.vc_custom_1582037675151{margin-right: 10px !important;}\u00bb][vc_empty_space height=\u00bb20px\u00bb]    <div class=\"un-heading un-heading-heading_1660 \" data-delay=0>\n    \t<div class=\"un-heading-wrap\">\n            <span class=\"un-heading-line un-heading-before\"><span><\/span><\/span>\n                            <span class='btn btn-default btn-lg btn-lighter un-heading-content'>\n                            <strong><span style=\"color: black; font-size: 22px;\">REQUISITOS<\/span><\/strong>                            <\/span>\n                        <span class=\"un-heading-line un-heading-after\"><span><\/span><\/span>\n        <\/div>\n        <div class=\"clearfix\"><\/div>\n    <\/div>\n    [vc_column_text]Podr\u00e1n ser socios de la Asociaci\u00f3n todas aquellas <strong>Escuelas de M\u00fasica\u00a0 y\/o Danza<\/strong> que se encuentren inscritas en el <strong>Registro de Escuelas de M\u00fasica y Danza del Departamento de Educaci\u00f3n<\/strong> y sean de car\u00e1cter exclusivamente municipal o con gran participaci\u00f3n municipal.<br \/>\n<strong>Adem\u00e1s deber\u00e1n entregar la siguiente documentaci\u00f3n:<\/strong><\/p>\n<ul>\n<li><strong>Fotocopia del registro<\/strong> en el ministerio de educaci\u00f3n.<\/li>\n<li><strong>Fotocopia del acta municipal<\/strong> donde se aprueba la adhesi\u00f3n de la Escuela de M\u00fasica y\/o Danza a EHME.<\/li>\n<\/ul>\n<p>[\/vc_column_text][\/vc_column][vc_column width=\u00bb1\/3&#8243; css=\u00bb.vc_custom_1582037682862{margin-right: 10px !important;margin-left: 10px !important;}\u00bb][vc_empty_space height=\u00bb20px\u00bb]    <div class=\"un-heading un-heading-heading_582 \" data-delay=0>\n    \t<div class=\"un-heading-wrap\">\n            <span class=\"un-heading-line un-heading-before\"><span><\/span><\/span>\n                            <span class='btn btn-default btn-lg btn-lighter un-heading-content'>\n                            <strong><span style=\"color: black; font-size: 22px;\">DERECHOS<\/span><\/strong>                            <\/span>\n                        <span class=\"un-heading-line un-heading-after\"><span><\/span><\/span>\n        <\/div>\n        <div class=\"clearfix\"><\/div>\n    <\/div>\n    [vc_column_text]<\/p>\n<ul>\n<li><strong>Asistir a la Asambleas Generales y tomar parte<\/strong> en las actividades, deliberaciones y votaciones que se lleven a cabo.<\/li>\n<li><strong>Participar en los \u00f3rganos de la Direcci\u00f3n de la Asociaci\u00f3n<\/strong>, siendo elector y elegible para los mismos.<\/li>\n<li><strong>Derecho a ser informado<\/strong> de todas aquellas actividades , resoluciones, situaci\u00f3n econ\u00f3mica y comunicaciones que realice la Asociaci\u00f3n.<\/li>\n<\/ul>\n<p>[\/vc_column_text][\/vc_column][vc_column width=\u00bb1\/3&#8243;][vc_empty_space height=\u00bb20px\u00bb]    <div class=\"un-heading un-heading-heading_1891 \" data-delay=0>\n    \t<div class=\"un-heading-wrap\">\n            <span class=\"un-heading-line un-heading-before\"><span><\/span><\/span>\n                            <span class='btn btn-default btn-lg btn-lighter un-heading-content'>\n                            <strong><span style=\"color: black; font-size: 22px;\">DEBERES<\/span><\/strong>                            <\/span>\n                        <span class=\"un-heading-line un-heading-after\"><span><\/span><\/span>\n        <\/div>\n        <div class=\"clearfix\"><\/div>\n    <\/div>\n    [vc_column_text]<\/p>\n<ul>\n<li><strong>Cumplir todos los acuerdos<\/strong> que hayan sido v\u00e1lidamente tomados por la Asociaci\u00f3n.<\/li>\n<li><strong>Abonar puntualmente las cuotas<\/strong> establecidas.<\/li>\n<li><strong>Trabajar para los fines de la Asociaci\u00f3n.<\/strong><\/li>\n<li><strong>Asistir a las Asambleas Generales.<\/strong><\/li>\n<li><strong>Respetar los Estatutos<\/strong> y facilitar el buen funcionamiento de los \u00f3rganos de la Asociaci\u00f3n.<\/li>\n<\/ul>\n<p>[\/vc_column_text][\/vc_column][\/vc_row]<\/p>\n","protected":false},"excerpt":{"rendered":"<p>[vc_row full_width=\u00bbstretch_row_content_no_spaces\u00bb u_row_style=\u00bb0&#8243; u_row_paralax=\u00bb0&#8243; u_row_scheme=\u00bb0&#8243; css=\u00bb.vc_custom_1581001696304{padding-top: 200px !important;padding-bottom: 200px !important;background-image: url(https:\/\/ehme.eu\/wp-content\/uploads\/2020\/02\/como-asociarse-EHME-2.jpg?id=137686) !important;background-position: center !important;background-repeat: no-repeat !important;background-size: cover !important;}\u00bb][vc_column][\/vc_column][\/vc_row][vc_row full_width=\u00bbstretch_row\u00bb equal_height=\u00bbyes\u00bb content_placement=\u00bbtop\u00bb u_row_style=\u00bb0&#8243; u_row_paralax=\u00bb0&#8243; u_row_scheme=\u00bb0&#8243; css=\u00bb.vc_custom_1582037688334{margin-top: 20px !important;margin-bottom: 20px !important;margin-left: 10px !important;}\u00bb][vc_column width=\u00bb1\/3&#8243; css=\u00bb.vc_custom_1582037675151{margin-right: 10px !important;}\u00bb][vc_empty_space height=\u00bb20px\u00bb][vc_column_text]Podr\u00e1n ser socios de la Asociaci\u00f3n todas aquellas Escuelas de M\u00fasica\u00a0 y\/o Danza que se encuentren inscritas en el Registro [&hellip;]<\/p>\n","protected":false},"author":9,"featured_media":0,"parent":0,"menu_order":40,"comment_status":"closed","ping_status":"closed","template":"","meta":{"footnotes":""},"class_list":["post-137655","page","type-page","status-publish","hentry"],"yoast_head":"<!-- This site is optimized with the Yoast SEO plugin v27.5 - https:\/\/yoast.com\/product\/yoast-seo-wordpress\/ -->\n<title>C\u00f3mo asociarse - EHME<\/title>\n<meta name=\"robots\" content=\"index, follow, max-snippet:-1, max-image-preview:large, max-video-preview:-1\" \/>\n<link rel=\"canonical\" href=\"https:\/\/ehme.eu\/nola-egin-bazkide\/\" \/>\n<meta property=\"og:locale\" content=\"es_ES\" \/>\n<meta property=\"og:type\" content=\"article\" \/>\n<meta property=\"og:title\" content=\"C\u00f3mo asociarse - EHME\" \/>\n<meta property=\"og:description\" content=\"[vc_row full_width=\u00bbstretch_row_content_no_spaces\u00bb u_row_style=\u00bb0&#8243; u_row_paralax=\u00bb0&#8243; u_row_scheme=\u00bb0&#8243; css=\u00bb.vc_custom_1581001696304{padding-top: 200px !important;padding-bottom: 200px !important;background-image: url(https:\/\/ehme.eu\/wp-content\/uploads\/2020\/02\/como-asociarse-EHME-2.jpg?id=137686) !important;background-position: center !important;background-repeat: no-repeat !important;background-size: cover !important;}\u00bb][vc_column][\/vc_column][\/vc_row][vc_row full_width=\u00bbstretch_row\u00bb equal_height=\u00bbyes\u00bb content_placement=\u00bbtop\u00bb u_row_style=\u00bb0&#8243; u_row_paralax=\u00bb0&#8243; u_row_scheme=\u00bb0&#8243; css=\u00bb.vc_custom_1582037688334{margin-top: 20px !important;margin-bottom: 20px !important;margin-left: 10px !important;}\u00bb][vc_column width=\u00bb1\/3&#8243; css=\u00bb.vc_custom_1582037675151{margin-right: 10px !important;}\u00bb][vc_empty_space height=\u00bb20px\u00bb][vc_column_text]Podr\u00e1n ser socios de la Asociaci\u00f3n todas aquellas Escuelas de M\u00fasica\u00a0 y\/o Danza que se encuentren inscritas en el Registro [&hellip;]\" \/>\n<meta property=\"og:url\" content=\"https:\/\/ehme.eu\/nola-egin-bazkide\/\" \/>\n<meta property=\"og:site_name\" content=\"EHME\" \/>\n<meta property=\"article:modified_time\" content=\"2024-06-26T10:19:14+00:00\" \/>\n<meta name=\"twitter:card\" content=\"summary_large_image\" \/>\n<meta name=\"twitter:label1\" content=\"Tiempo de lectura\" \/>\n\t<meta name=\"twitter:data1\" content=\"1 minuto\" \/>\n<script type=\"application\/ld+json\" class=\"yoast-schema-graph\">{\"@context\":\"https:\\\/\\\/schema.org\",\"@graph\":[{\"@type\":\"WebPage\",\"@id\":\"https:\\\/\\\/ehme.eu\\\/nola-egin-bazkide\\\/\",\"url\":\"https:\\\/\\\/ehme.eu\\\/nola-egin-bazkide\\\/\",\"name\":\"C\u00f3mo asociarse - EHME\",\"isPartOf\":{\"@id\":\"https:\\\/\\\/ehme.eu\\\/#website\"},\"datePublished\":\"2020-02-06T14:17:39+00:00\",\"dateModified\":\"2024-06-26T10:19:14+00:00\",\"breadcrumb\":{\"@id\":\"https:\\\/\\\/ehme.eu\\\/nola-egin-bazkide\\\/#breadcrumb\"},\"inLanguage\":\"es\",\"potentialAction\":[{\"@type\":\"ReadAction\",\"target\":[\"https:\\\/\\\/ehme.eu\\\/nola-egin-bazkide\\\/\"]}]},{\"@type\":\"BreadcrumbList\",\"@id\":\"https:\\\/\\\/ehme.eu\\\/nola-egin-bazkide\\\/#breadcrumb\",\"itemListElement\":[{\"@type\":\"ListItem\",\"position\":1,\"name\":\"Portada\",\"item\":\"https:\\\/\\\/ehme.eu\\\/es\\\/\"},{\"@type\":\"ListItem\",\"position\":2,\"name\":\"C\u00f3mo asociarse\"}]},{\"@type\":\"WebSite\",\"@id\":\"https:\\\/\\\/ehme.eu\\\/#website\",\"url\":\"https:\\\/\\\/ehme.eu\\\/\",\"name\":\"EHME\",\"description\":\"Asociaci\u00f3n de Escuelas de M\u00fasica y Danza del Pa\u00eds Vasco\",\"potentialAction\":[{\"@type\":\"SearchAction\",\"target\":{\"@type\":\"EntryPoint\",\"urlTemplate\":\"https:\\\/\\\/ehme.eu\\\/?s={search_term_string}\"},\"query-input\":{\"@type\":\"PropertyValueSpecification\",\"valueRequired\":true,\"valueName\":\"search_term_string\"}}],\"inLanguage\":\"es\"}]}<\/script>\n<!-- \/ Yoast SEO plugin. -->","yoast_head_json":{"title":"C\u00f3mo asociarse - EHME","robots":{"index":"index","follow":"follow","max-snippet":"max-snippet:-1","max-image-preview":"max-image-preview:large","max-video-preview":"max-video-preview:-1"},"canonical":"https:\/\/ehme.eu\/nola-egin-bazkide\/","og_locale":"es_ES","og_type":"article","og_title":"C\u00f3mo asociarse - EHME","og_description":"[vc_row full_width=\u00bbstretch_row_content_no_spaces\u00bb u_row_style=\u00bb0&#8243; u_row_paralax=\u00bb0&#8243; u_row_scheme=\u00bb0&#8243; css=\u00bb.vc_custom_1581001696304{padding-top: 200px !important;padding-bottom: 200px !important;background-image: url(https:\/\/ehme.eu\/wp-content\/uploads\/2020\/02\/como-asociarse-EHME-2.jpg?id=137686) !important;background-position: center !important;background-repeat: no-repeat !important;background-size: cover !important;}\u00bb][vc_column][\/vc_column][\/vc_row][vc_row full_width=\u00bbstretch_row\u00bb equal_height=\u00bbyes\u00bb content_placement=\u00bbtop\u00bb u_row_style=\u00bb0&#8243; u_row_paralax=\u00bb0&#8243; u_row_scheme=\u00bb0&#8243; css=\u00bb.vc_custom_1582037688334{margin-top: 20px !important;margin-bottom: 20px !important;margin-left: 10px !important;}\u00bb][vc_column width=\u00bb1\/3&#8243; css=\u00bb.vc_custom_1582037675151{margin-right: 10px !important;}\u00bb][vc_empty_space height=\u00bb20px\u00bb][vc_column_text]Podr\u00e1n ser socios de la Asociaci\u00f3n todas aquellas Escuelas de M\u00fasica\u00a0 y\/o Danza que se encuentren inscritas en el Registro [&hellip;]","og_url":"https:\/\/ehme.eu\/nola-egin-bazkide\/","og_site_name":"EHME","article_modified_time":"2024-06-26T10:19:14+00:00","twitter_card":"summary_large_image","twitter_misc":{"Tiempo de lectura":"1 minuto"},"schema":{"@context":"https:\/\/schema.org","@graph":[{"@type":"WebPage","@id":"https:\/\/ehme.eu\/nola-egin-bazkide\/","url":"https:\/\/ehme.eu\/nola-egin-bazkide\/","name":"C\u00f3mo asociarse - EHME","isPartOf":{"@id":"https:\/\/ehme.eu\/#website"},"datePublished":"2020-02-06T14:17:39+00:00","dateModified":"2024-06-26T10:19:14+00:00","breadcrumb":{"@id":"https:\/\/ehme.eu\/nola-egin-bazkide\/#breadcrumb"},"inLanguage":"es","potentialAction":[{"@type":"ReadAction","target":["https:\/\/ehme.eu\/nola-egin-bazkide\/"]}]},{"@type":"BreadcrumbList","@id":"https:\/\/ehme.eu\/nola-egin-bazkide\/#breadcrumb","itemListElement":[{"@type":"ListItem","position":1,"name":"Portada","item":"https:\/\/ehme.eu\/es\/"},{"@type":"ListItem","position":2,"name":"C\u00f3mo asociarse"}]},{"@type":"WebSite","@id":"https:\/\/ehme.eu\/#website","url":"https:\/\/ehme.eu\/","name":"EHME","description":"Asociaci\u00f3n de Escuelas de M\u00fasica y Danza del Pa\u00eds Vasco","potentialAction":[{"@type":"SearchAction","target":{"@type":"EntryPoint","urlTemplate":"https:\/\/ehme.eu\/?s={search_term_string}"},"query-input":{"@type":"PropertyValueSpecification","valueRequired":true,"valueName":"search_term_string"}}],"inLanguage":"es"}]}},"_links":{"self":[{"href":"https:\/\/ehme.eu\/es\/wp-json\/wp\/v2\/pages\/137655","targetHints":{"allow":["GET"]}}],"collection":[{"href":"https:\/\/ehme.eu\/es\/wp-json\/wp\/v2\/pages"}],"about":[{"href":"https:\/\/ehme.eu\/es\/wp-json\/wp\/v2\/types\/page"}],"author":[{"embeddable":true,"href":"https:\/\/ehme.eu\/es\/wp-json\/wp\/v2\/users\/9"}],"replies":[{"embeddable":true,"href":"https:\/\/ehme.eu\/es\/wp-json\/wp\/v2\/comments?post=137655"}],"version-history":[{"count":0,"href":"https:\/\/ehme.eu\/es\/wp-json\/wp\/v2\/pages\/137655\/revisions"}],"wp:attachment":[{"href":"https:\/\/ehme.eu\/es\/wp-json\/wp\/v2\/media?parent=137655"}],"curies":[{"name":"wp","href":"https:\/\/api.w.org\/{rel}","templated":true}]}}