{"id":137693,"date":"2020-02-06T15:16:01","date_gmt":"2020-02-06T15:16:01","guid":{"rendered":"https:\/\/ehme.eu\/?page_id=137693"},"modified":"2024-06-26T10:15:11","modified_gmt":"2024-06-26T10:15:11","slug":"organos-de-gobierno-de-ehme","status":"publish","type":"page","link":"https:\/\/ehme.eu\/es\/organos-de-gobierno-de-ehme\/","title":{"rendered":"\u00d3rganos de gobierno de EHME"},"content":{"rendered":"<p>[vc_row full_width=\u00bbstretch_row_content_no_spaces\u00bb u_row_style=\u00bb0&#8243; u_row_paralax=\u00bb0&#8243; u_row_scheme=\u00bb0&#8243; css=\u00bb.vc_custom_1581004066707{padding-top: 200px !important;padding-bottom: 200px !important;background-image: url(https:\/\/ehme.eu\/wp-content\/uploads\/2020\/02\/organos-de-gobierno.jpg?id=137718) !important;background-position: center !important;background-repeat: no-repeat !important;background-size: cover !important;}\u00bb][vc_column][\/vc_column][\/vc_row][vc_row u_row_style=\u00bb0&#8243; u_row_paralax=\u00bb0&#8243; u_row_scheme=\u00bb0&#8243; css=\u00bb.vc_custom_1581004350204{margin-bottom: 20px !important;background-color: #ffffff !important;}\u00bb][vc_column][vc_single_image image=\u00bb137729&#8243; img_size=\u00bbfull\u00bb alignment=\u00bbcenter\u00bb css=\u00bb.vc_custom_1581004666922{margin-top: 0px !important;margin-bottom: 20px !important;}\u00bb][vc_column_text]<\/p>\n<h2 style=\"font-size: 26px; text-align: center;\">Los \u00f3rganos de Gobierno y Administraci\u00f3n de la Asociaci\u00f3n son:<br \/>\n<strong>ASAMBLEA GENERAL <\/strong>y<strong> JUNTA RECTORA<\/strong><\/h2>\n<p>[\/vc_column_text][\/vc_column][\/vc_row][vc_row full_width=\u00bbstretch_row\u00bb u_row_style=\u00bb0&#8243; u_row_paralax=\u00bb0&#8243; u_row_scheme=\u00bb0&#8243; css=\u00bb.vc_custom_1582039457685{margin-top: 20px !important;margin-bottom: 20px !important;margin-left: 30px !important;padding-top: 20px !important;padding-bottom: 20px !important;background-color: rgba(242,242,242,0.77) !important;*background-color: rgb(242,242,242) !important;}\u00bb][vc_column width=\u00bb1\/2&#8243; css=\u00bb.vc_custom_1582039453133{margin-right: 30px !important;}\u00bb]    <div class=\"un-heading un-heading-heading_5998 \" data-delay=0>\n    \t<div class=\"un-heading-wrap\">\n            <span class=\"un-heading-line un-heading-before\"><span><\/span><\/span>\n                            <span class='btn btn-default btn-lg btn-lighter un-heading-content'>\n                            <strong><span style=\"color: black; font-size: 22px;\">ASAMBLEA GENERAL<\/span><\/strong>                            <\/span>\n                        <span class=\"un-heading-line un-heading-after\"><span><\/span><\/span>\n        <\/div>\n        <div class=\"clearfix\"><\/div>\n    <\/div>\n    [vc_empty_space height=\u00bb22px\u00bb][vc_column_text]<\/p>\n<h2 style=\"text-align: left; font-size: 20px;\">La reuni\u00f3n de delegados de las Escuelas de M\u00fasica y Danza asociadas -uno por escuela- constituye la <strong>ASAMBLEA GENERAL<\/strong> , que es el \u00f3rgano supremo y soberano de la Asociaci\u00f3n, en la que tendr\u00e1n voz y voto todos los expresados delegados. Son competencias de la ASAMBLEA GENERAL los acuerdos relativos a:<\/h2>\n<p>[\/vc_column_text][vc_column_text]<\/p>\n<ul>\n<li>Aprobar el plan general de actuaci\u00f3n de la asociaci\u00f3n<\/li>\n<li>El examen y la aprobaci\u00f3n de las cuentas anuales y del presupuesto del ejercicio siguiente.<\/li>\n<li>Aprobar la gesti\u00f3n de la Junta Directiva.<\/li>\n<li>La modificaci\u00f3n de los Estatutos.<\/li>\n<\/ul>\n<p>[\/vc_column_text][\/vc_column][vc_column width=\u00bb1\/2&#8243;][vc_column_text]<\/p>\n<ul>\n<li>La disoluci\u00f3n de la asociaci\u00f3n.<\/li>\n<li>La elecci\u00f3n y el cese del presidente o la presidenta, del secretario o la\u00a0secretaria, del tesorero o la tesorera y de los\/las dem\u00e1s miembros de la Junta Directiva, as\u00ed como su supervisi\u00f3n y control.<\/li>\n<li>Los actos de federaci\u00f3n y confederaci\u00f3n con otras asociaciones, o el abandono\u00a0de alguna de ellas.<\/li>\n<li>La aprobaci\u00f3n de la disposici\u00f3n o enajenaci\u00f3n de bienes inmuebles.<\/li>\n<li>El acuerdo de remuneraci\u00f3n de los\/las miembros del \u00f3rgano de gobierno, en su caso.<\/li>\n<li>La fijaci\u00f3n de las cuotas ordinarias o extraordinarias, si bien esta facultad podr\u00e1 ser delegada por la Asamblea General a la Junta Directiva mediante acuerdo expreso.<\/li>\n<li>La adopci\u00f3n del acuerdo de separaci\u00f3n definitiva de los\/las socios.<\/li>\n<li>Cualquier otra competencia no atribuida a otro \u00f3rgano social.<\/li>\n<\/ul>\n<p>[\/vc_column_text][\/vc_column][\/vc_row][vc_row full_width=\u00bbstretch_row\u00bb u_row_style=\u00bb0&#8243; u_row_paralax=\u00bb0&#8243; u_row_scheme=\u00bb0&#8243; css=\u00bb.vc_custom_1582039905714{margin-top: 20px !important;margin-bottom: 0px !important;margin-left: 30px !important;padding-bottom: 20px !important;}\u00bb][vc_column width=\u00bb1\/2&#8243; css=\u00bb.vc_custom_1582039897401{margin-right: 30px !important;}\u00bb]    <div class=\"un-heading un-heading-heading_2255 \" data-delay=0>\n    \t<div class=\"un-heading-wrap\">\n            <span class=\"un-heading-line un-heading-before\"><span><\/span><\/span>\n                            <span class='btn btn-default btn-lg btn-lighter un-heading-content'>\n                            <strong><span style=\"color: black; font-size: 22px;\">JUNTA DIRECTIVA<\/span><\/strong>                            <\/span>\n                        <span class=\"un-heading-line un-heading-after\"><span><\/span><\/span>\n        <\/div>\n        <div class=\"clearfix\"><\/div>\n    <\/div>\n    [vc_empty_space height=\u00bb22px\u00bb][vc_column_text]<\/p>\n<h2 style=\"text-align: left; font-size: 20px;\">La <strong>JUNTA DIRECTIVA<\/strong> se compone de: Presidente, Vicepresidente, Secretario, Tesorero y cinco vocales. Las funciones de la Junta Directiva son:<\/h2>\n<p>[\/vc_column_text][vc_column_text]<\/p>\n<ol>\n<li><strong>Dirigir la gesti\u00f3n ordinaria de la Asociaci\u00f3n,<\/strong> de acuerdo con las directrices de la Asamblea General y bajo su control.<\/li>\n<li><strong>Programar las actividades a desarrollar por la Asociaci\u00f3n.<\/strong><\/li>\n<li><strong>Someter a la aprobaci\u00f3n<\/strong> de la Asamblea General <strong>el presupuesto anual de gastos e ingresos<\/strong>, as\u00ed como el estado de cuentas del a\u00f1o anterior.<\/li>\n<\/ol>\n<p>[\/vc_column_text][\/vc_column][vc_column width=\u00bb1\/2&#8243;][vc_column_text]<\/p>\n<ol start=\"4\">\n<li><strong>Confeccionar el Orden del D\u00eda de las reuniones de la Asamblea General,<\/strong> as\u00ed como acordar la convocatoria de las Asambleas Generales ordinarias y extraordinarias.<\/li>\n<li><strong>Atender las propuestas o sugerencias que formulen los socios\/as,<\/strong> adoptando al respecto, las medidas necesarias.<\/li>\n<li><strong>Interpretar los preceptos contenidos en estos Estatutos<\/strong> y cubrir sus lagunas, someti\u00e9ndose siempre a la normativa legal vigente en materia de asociaciones.<\/li>\n<li>Admitir, o en su caso denegar, las <strong>solicitudes de nuevos socios.<\/strong><\/li>\n<li>Ejercitar aquellas competencias que le otorgue la Asamblea General mediante <strong>Acuerdo expreso<\/strong>, siempre que no sean de su exclusiva competencia.<\/li>\n<\/ol>\n<p>[\/vc_column_text][\/vc_column][\/vc_row]<\/p>\n","protected":false},"excerpt":{"rendered":"<p>[vc_row full_width=\u00bbstretch_row_content_no_spaces\u00bb u_row_style=\u00bb0&#8243; u_row_paralax=\u00bb0&#8243; u_row_scheme=\u00bb0&#8243; css=\u00bb.vc_custom_1581004066707{padding-top: 200px !important;padding-bottom: 200px !important;background-image: url(https:\/\/ehme.eu\/wp-content\/uploads\/2020\/02\/organos-de-gobierno.jpg?id=137718) !important;background-position: center !important;background-repeat: no-repeat !important;background-size: cover !important;}\u00bb][vc_column][\/vc_column][\/vc_row][vc_row u_row_style=\u00bb0&#8243; u_row_paralax=\u00bb0&#8243; u_row_scheme=\u00bb0&#8243; css=\u00bb.vc_custom_1581004350204{margin-bottom: 20px !important;background-color: #ffffff !important;}\u00bb][vc_column][vc_single_image image=\u00bb137729&#8243; img_size=\u00bbfull\u00bb alignment=\u00bbcenter\u00bb css=\u00bb.vc_custom_1581004666922{margin-top: 0px !important;margin-bottom: 20px !important;}\u00bb][vc_column_text] Los \u00f3rganos de Gobierno y Administraci\u00f3n de la Asociaci\u00f3n son: ASAMBLEA GENERAL y JUNTA RECTORA [\/vc_column_text][\/vc_column][\/vc_row][vc_row full_width=\u00bbstretch_row\u00bb u_row_style=\u00bb0&#8243; u_row_paralax=\u00bb0&#8243; u_row_scheme=\u00bb0&#8243; css=\u00bb.vc_custom_1582039457685{margin-top: [&hellip;]<\/p>\n","protected":false},"author":9,"featured_media":0,"parent":0,"menu_order":30,"comment_status":"closed","ping_status":"closed","template":"","meta":{"footnotes":""},"class_list":["post-137693","page","type-page","status-publish","hentry"],"yoast_head":"<!-- This site is optimized with the Yoast SEO plugin v27.4 - https:\/\/yoast.com\/product\/yoast-seo-wordpress\/ -->\n<title>\u00d3rganos de gobierno de EHME - EHME<\/title>\n<meta name=\"robots\" content=\"index, follow, max-snippet:-1, max-image-preview:large, max-video-preview:-1\" \/>\n<link rel=\"canonical\" href=\"https:\/\/ehme.eu\/ehmeren-aginte-organoak\/\" \/>\n<meta property=\"og:locale\" content=\"es_ES\" \/>\n<meta property=\"og:type\" content=\"article\" \/>\n<meta property=\"og:title\" content=\"\u00d3rganos de gobierno de EHME - EHME\" \/>\n<meta property=\"og:description\" content=\"[vc_row full_width=\u00bbstretch_row_content_no_spaces\u00bb u_row_style=\u00bb0&#8243; u_row_paralax=\u00bb0&#8243; u_row_scheme=\u00bb0&#8243; css=\u00bb.vc_custom_1581004066707{padding-top: 200px !important;padding-bottom: 200px !important;background-image: url(https:\/\/ehme.eu\/wp-content\/uploads\/2020\/02\/organos-de-gobierno.jpg?id=137718) !important;background-position: center !important;background-repeat: no-repeat !important;background-size: cover !important;}\u00bb][vc_column][\/vc_column][\/vc_row][vc_row u_row_style=\u00bb0&#8243; u_row_paralax=\u00bb0&#8243; u_row_scheme=\u00bb0&#8243; css=\u00bb.vc_custom_1581004350204{margin-bottom: 20px !important;background-color: #ffffff !important;}\u00bb][vc_column][vc_single_image image=\u00bb137729&#8243; img_size=\u00bbfull\u00bb alignment=\u00bbcenter\u00bb css=\u00bb.vc_custom_1581004666922{margin-top: 0px !important;margin-bottom: 20px !important;}\u00bb][vc_column_text] Los \u00f3rganos de Gobierno y Administraci\u00f3n de la Asociaci\u00f3n son: ASAMBLEA GENERAL y JUNTA RECTORA [\/vc_column_text][\/vc_column][\/vc_row][vc_row full_width=\u00bbstretch_row\u00bb u_row_style=\u00bb0&#8243; u_row_paralax=\u00bb0&#8243; u_row_scheme=\u00bb0&#8243; css=\u00bb.vc_custom_1582039457685{margin-top: [&hellip;]\" \/>\n<meta property=\"og:url\" content=\"https:\/\/ehme.eu\/ehmeren-aginte-organoak\/\" \/>\n<meta property=\"og:site_name\" content=\"EHME\" \/>\n<meta property=\"article:modified_time\" content=\"2024-06-26T10:15:11+00:00\" \/>\n<meta name=\"twitter:card\" content=\"summary_large_image\" \/>\n<meta name=\"twitter:label1\" content=\"Tiempo de lectura\" \/>\n\t<meta name=\"twitter:data1\" content=\"3 minutos\" \/>\n<script type=\"application\/ld+json\" class=\"yoast-schema-graph\">{\"@context\":\"https:\\\/\\\/schema.org\",\"@graph\":[{\"@type\":\"WebPage\",\"@id\":\"https:\\\/\\\/ehme.eu\\\/ehmeren-aginte-organoak\\\/\",\"url\":\"https:\\\/\\\/ehme.eu\\\/ehmeren-aginte-organoak\\\/\",\"name\":\"\u00d3rganos de gobierno de EHME - EHME\",\"isPartOf\":{\"@id\":\"https:\\\/\\\/ehme.eu\\\/#website\"},\"datePublished\":\"2020-02-06T15:16:01+00:00\",\"dateModified\":\"2024-06-26T10:15:11+00:00\",\"breadcrumb\":{\"@id\":\"https:\\\/\\\/ehme.eu\\\/ehmeren-aginte-organoak\\\/#breadcrumb\"},\"inLanguage\":\"es\",\"potentialAction\":[{\"@type\":\"ReadAction\",\"target\":[\"https:\\\/\\\/ehme.eu\\\/ehmeren-aginte-organoak\\\/\"]}]},{\"@type\":\"BreadcrumbList\",\"@id\":\"https:\\\/\\\/ehme.eu\\\/ehmeren-aginte-organoak\\\/#breadcrumb\",\"itemListElement\":[{\"@type\":\"ListItem\",\"position\":1,\"name\":\"Portada\",\"item\":\"https:\\\/\\\/ehme.eu\\\/es\\\/\"},{\"@type\":\"ListItem\",\"position\":2,\"name\":\"\u00d3rganos de gobierno de EHME\"}]},{\"@type\":\"WebSite\",\"@id\":\"https:\\\/\\\/ehme.eu\\\/#website\",\"url\":\"https:\\\/\\\/ehme.eu\\\/\",\"name\":\"EHME\",\"description\":\"Asociaci\u00f3n de Escuelas de M\u00fasica y Danza del Pa\u00eds Vasco\",\"potentialAction\":[{\"@type\":\"SearchAction\",\"target\":{\"@type\":\"EntryPoint\",\"urlTemplate\":\"https:\\\/\\\/ehme.eu\\\/?s={search_term_string}\"},\"query-input\":{\"@type\":\"PropertyValueSpecification\",\"valueRequired\":true,\"valueName\":\"search_term_string\"}}],\"inLanguage\":\"es\"}]}<\/script>\n<!-- \/ Yoast SEO plugin. -->","yoast_head_json":{"title":"\u00d3rganos de gobierno de EHME - EHME","robots":{"index":"index","follow":"follow","max-snippet":"max-snippet:-1","max-image-preview":"max-image-preview:large","max-video-preview":"max-video-preview:-1"},"canonical":"https:\/\/ehme.eu\/ehmeren-aginte-organoak\/","og_locale":"es_ES","og_type":"article","og_title":"\u00d3rganos de gobierno de EHME - EHME","og_description":"[vc_row full_width=\u00bbstretch_row_content_no_spaces\u00bb u_row_style=\u00bb0&#8243; u_row_paralax=\u00bb0&#8243; u_row_scheme=\u00bb0&#8243; css=\u00bb.vc_custom_1581004066707{padding-top: 200px !important;padding-bottom: 200px !important;background-image: url(https:\/\/ehme.eu\/wp-content\/uploads\/2020\/02\/organos-de-gobierno.jpg?id=137718) !important;background-position: center !important;background-repeat: no-repeat !important;background-size: cover !important;}\u00bb][vc_column][\/vc_column][\/vc_row][vc_row u_row_style=\u00bb0&#8243; u_row_paralax=\u00bb0&#8243; u_row_scheme=\u00bb0&#8243; css=\u00bb.vc_custom_1581004350204{margin-bottom: 20px !important;background-color: #ffffff !important;}\u00bb][vc_column][vc_single_image image=\u00bb137729&#8243; img_size=\u00bbfull\u00bb alignment=\u00bbcenter\u00bb css=\u00bb.vc_custom_1581004666922{margin-top: 0px !important;margin-bottom: 20px !important;}\u00bb][vc_column_text] Los \u00f3rganos de Gobierno y Administraci\u00f3n de la Asociaci\u00f3n son: ASAMBLEA GENERAL y JUNTA RECTORA [\/vc_column_text][\/vc_column][\/vc_row][vc_row full_width=\u00bbstretch_row\u00bb u_row_style=\u00bb0&#8243; u_row_paralax=\u00bb0&#8243; u_row_scheme=\u00bb0&#8243; css=\u00bb.vc_custom_1582039457685{margin-top: [&hellip;]","og_url":"https:\/\/ehme.eu\/ehmeren-aginte-organoak\/","og_site_name":"EHME","article_modified_time":"2024-06-26T10:15:11+00:00","twitter_card":"summary_large_image","twitter_misc":{"Tiempo de lectura":"3 minutos"},"schema":{"@context":"https:\/\/schema.org","@graph":[{"@type":"WebPage","@id":"https:\/\/ehme.eu\/ehmeren-aginte-organoak\/","url":"https:\/\/ehme.eu\/ehmeren-aginte-organoak\/","name":"\u00d3rganos de gobierno de EHME - EHME","isPartOf":{"@id":"https:\/\/ehme.eu\/#website"},"datePublished":"2020-02-06T15:16:01+00:00","dateModified":"2024-06-26T10:15:11+00:00","breadcrumb":{"@id":"https:\/\/ehme.eu\/ehmeren-aginte-organoak\/#breadcrumb"},"inLanguage":"es","potentialAction":[{"@type":"ReadAction","target":["https:\/\/ehme.eu\/ehmeren-aginte-organoak\/"]}]},{"@type":"BreadcrumbList","@id":"https:\/\/ehme.eu\/ehmeren-aginte-organoak\/#breadcrumb","itemListElement":[{"@type":"ListItem","position":1,"name":"Portada","item":"https:\/\/ehme.eu\/es\/"},{"@type":"ListItem","position":2,"name":"\u00d3rganos de gobierno de EHME"}]},{"@type":"WebSite","@id":"https:\/\/ehme.eu\/#website","url":"https:\/\/ehme.eu\/","name":"EHME","description":"Asociaci\u00f3n de Escuelas de M\u00fasica y Danza del Pa\u00eds Vasco","potentialAction":[{"@type":"SearchAction","target":{"@type":"EntryPoint","urlTemplate":"https:\/\/ehme.eu\/?s={search_term_string}"},"query-input":{"@type":"PropertyValueSpecification","valueRequired":true,"valueName":"search_term_string"}}],"inLanguage":"es"}]}},"_links":{"self":[{"href":"https:\/\/ehme.eu\/es\/wp-json\/wp\/v2\/pages\/137693","targetHints":{"allow":["GET"]}}],"collection":[{"href":"https:\/\/ehme.eu\/es\/wp-json\/wp\/v2\/pages"}],"about":[{"href":"https:\/\/ehme.eu\/es\/wp-json\/wp\/v2\/types\/page"}],"author":[{"embeddable":true,"href":"https:\/\/ehme.eu\/es\/wp-json\/wp\/v2\/users\/9"}],"replies":[{"embeddable":true,"href":"https:\/\/ehme.eu\/es\/wp-json\/wp\/v2\/comments?post=137693"}],"version-history":[{"count":0,"href":"https:\/\/ehme.eu\/es\/wp-json\/wp\/v2\/pages\/137693\/revisions"}],"wp:attachment":[{"href":"https:\/\/ehme.eu\/es\/wp-json\/wp\/v2\/media?parent=137693"}],"curies":[{"name":"wp","href":"https:\/\/api.w.org\/{rel}","templated":true}]}}