{"id":137888,"date":"2020-02-18T11:07:42","date_gmt":"2020-02-18T11:07:42","guid":{"rendered":"https:\/\/ehme.eu\/?page_id=137888"},"modified":"2020-02-19T14:43:29","modified_gmt":"2020-02-19T14:43:29","slug":"galeria","status":"publish","type":"page","link":"https:\/\/ehme.eu\/es\/galeria\/","title":{"rendered":"Galer\u00edas"},"content":{"rendered":"<p>[vc_row][vc_column][vc_column_text]<div class='listviewxxx'>\n<div id=\"mygallery\" class=\"grid\"><div class='grid js-masonry' data-masonry-options='{ \"itemSelector\": \"figure\", \"columnWidth\": figure, \"isFitWidth\": true }'>\n<figure class=\"effect-\" data-index=\"0\" itemprop=\"associatedMedia\" itemscope itemtype=\"http:\/\/schema.org\/ImageObject\">\n<div class='thumbnail grid-item images' data-index=\"0\" style=' width: 200px; height: 200px;background-position: center center; background-size: cover; background-image: url(https:\/\/farm66.static.flickr.com\/65535\/54973556024_c26457fab7.jpg);'>\n<a style='display:block; width:100%; height:100%;' href='?cws_album_id=72177720330803091' data-lightbox='result-set' data-title='MUSIKALEAN 2025'><div class='details albums'>\n<ul>\n<li class='title'>MUSIKALEAN 2025<\/li>\n<li><small>29 photos<\/small><\/ul>\n<\/div>\n<\/a>\n<\/div>\n<\/figure>\n<figure class=\"effect-\" data-index=\"1\" itemprop=\"associatedMedia\" itemscope itemtype=\"http:\/\/schema.org\/ImageObject\">\n<div class='thumbnail grid-item images' data-index=\"1\" style=' width: 200px; height: 200px;background-position: center center; background-size: cover; background-image: url(https:\/\/farm66.static.flickr.com\/65535\/54180843773_702003b52a.jpg);'>\n<a style='display:block; width:100%; height:100%;' href='?cws_album_id=72177720322342148' data-lightbox='result-set' data-title='MUSIKALEAN 2024'><div class='details albums'>\n<ul>\n<li class='title'>MUSIKALEAN 2024<\/li>\n<li><small>40 photos<\/small><\/ul>\n<\/div>\n<\/a>\n<\/div>\n<\/figure>\n<figure class=\"effect-\" data-index=\"2\" itemprop=\"associatedMedia\" itemscope itemtype=\"http:\/\/schema.org\/ImageObject\">\n<div class='thumbnail grid-item images' data-index=\"2\" style=' width: 200px; height: 200px;background-position: center center; background-size: cover; background-image: url(https:\/\/farm66.static.flickr.com\/65535\/53970709240_dd936879ef.jpg);'>\n<a style='display:block; width:100%; height:100%;' href='?cws_album_id=72177720320053882' data-lightbox='result-set' data-title='MUSIKALDI 2024'><div class='details albums'>\n<ul>\n<li class='title'>MUSIKALDI 2024<\/li>\n<li><small>393 photos<\/small><\/ul>\n<\/div>\n<\/a>\n<\/div>\n<\/figure>\n<figure class=\"effect-\" data-index=\"3\" itemprop=\"associatedMedia\" itemscope itemtype=\"http:\/\/schema.org\/ImageObject\">\n<div class='thumbnail grid-item images' data-index=\"3\" style=' width: 200px; height: 200px;background-position: center center; background-size: cover; background-image: url(https:\/\/farm66.static.flickr.com\/65535\/53849472871_f95b6201b2.jpg);'>\n<a style='display:block; width:100%; height:100%;' href='?cws_album_id=72177720318696730' data-lightbox='result-set' data-title='MUSIKALEAN 2023'><div class='details albums'>\n<ul>\n<li class='title'>MUSIKALEAN 2023<\/li>\n<li><small>29 photos<\/small><\/ul>\n<\/div>\n<\/a>\n<\/div>\n<\/figure>\n<figure class=\"effect-\" data-index=\"4\" itemprop=\"associatedMedia\" itemscope itemtype=\"http:\/\/schema.org\/ImageObject\">\n<div class='thumbnail grid-item images' data-index=\"4\" style=' width: 200px; height: 200px;background-position: center center; background-size: cover; background-image: url(https:\/\/farm66.static.flickr.com\/65535\/52566229317_cf9d04124f.jpg);'>\n<a style='display:block; width:100%; height:100%;' href='?cws_album_id=72177720304505028' data-lightbox='result-set' data-title='MUSIKALEAN 2022'><div class='details albums'>\n<ul>\n<li class='title'>MUSIKALEAN 2022<\/li>\n<li><small>34 photos<\/small><\/ul>\n<\/div>\n<\/a>\n<\/div>\n<\/figure>\n<figure class=\"effect-\" data-index=\"5\" itemprop=\"associatedMedia\" itemscope itemtype=\"http:\/\/schema.org\/ImageObject\">\n<div class='thumbnail grid-item images' data-index=\"5\" style=' width: 200px; height: 200px;background-position: center center; background-size: cover; background-image: url(https:\/\/farm66.static.flickr.com\/65535\/51828085066_bcc577216b.jpg);'>\n<a style='display:block; width:100%; height:100%;' href='?cws_album_id=72177720296041805' data-lightbox='result-set' data-title='MUSIKALEAN 2021'><div class='details albums'>\n<ul>\n<li class='title'>MUSIKALEAN 2021<\/li>\n<li><small>45 photos<\/small><\/ul>\n<\/div>\n<\/a>\n<\/div>\n<\/figure>\n<figure class=\"effect-\" data-index=\"6\" itemprop=\"associatedMedia\" itemscope itemtype=\"http:\/\/schema.org\/ImageObject\">\n<div class='thumbnail grid-item images' data-index=\"6\" style=' width: 200px; height: 200px;background-position: center center; background-size: cover; background-image: url(https:\/\/farm0.static.flickr.com\/0\/53965573423_8e11dc2698.jpg);'>\n<a style='display:block; width:100%; height:100%;' href='?cws_album_id=72177720319993910' data-lightbox='result-set' data-title='MUSIKALEAN 2020'><div class='details albums'>\n<ul>\n<li class='title'>MUSIKALEAN 2020<\/li>\n<li><small>1 photos<\/small><\/ul>\n<\/div>\n<\/a>\n<\/div>\n<\/figure>\n<figure class=\"effect-\" data-index=\"7\" itemprop=\"associatedMedia\" itemscope itemtype=\"http:\/\/schema.org\/ImageObject\">\n<div class='thumbnail grid-item images' data-index=\"7\" style=' width: 200px; height: 200px;background-position: center center; background-size: cover; background-image: url(https:\/\/farm66.static.flickr.com\/65535\/40923051353_fdfab2052d.jpg);'>\n<a style='display:block; width:100%; height:100%;' href='?cws_album_id=72157707179370581' data-lightbox='result-set' data-title='MUSIKALDI 2019'><div class='details albums'>\n<ul>\n<li class='title'>MUSIKALDI 2019<\/li>\n<li><small>91 photos<\/small><\/ul>\n<\/div>\n<\/a>\n<\/div>\n<\/figure>\n<figure class=\"effect-\" data-index=\"8\" itemprop=\"associatedMedia\" itemscope itemtype=\"http:\/\/schema.org\/ImageObject\">\n<div class='thumbnail grid-item images' data-index=\"8\" style=' width: 200px; height: 200px;background-position: center center; background-size: cover; background-image: url(https:\/\/farm66.static.flickr.com\/65535\/53965288181_239fdb7c81.jpg);'>\n<a style='display:block; width:100%; height:100%;' href='?cws_album_id=72177720319993551' data-lightbox='result-set' data-title='Musikalean 2019'><div class='details albums'>\n<ul>\n<li class='title'>Musikalean 2019<\/li>\n<li><small>17 photos<\/small><\/ul>\n<\/div>\n<\/a>\n<\/div>\n<\/figure>\n<figure class=\"effect-\" data-index=\"9\" itemprop=\"associatedMedia\" itemscope itemtype=\"http:\/\/schema.org\/ImageObject\">\n<div class='thumbnail grid-item images' data-index=\"9\" style=' width: 200px; height: 200px;background-position: center center; background-size: cover; background-image: url(https:\/\/farm5.static.flickr.com\/4898\/46173187641_fbaf204df6.jpg);'>\n<a style='display:block; width:100%; height:100%;' href='?cws_album_id=72157698409825300' data-lightbox='result-set' data-title='Jardunaldia 2018'><div class='details albums'>\n<ul>\n<li class='title'>Jardunaldia 2018<\/li>\n<li><small>13 photos<\/small><\/ul>\n<\/div>\n<\/a>\n<\/div>\n<\/figure>\n<figure class=\"effect-\" data-index=\"10\" itemprop=\"associatedMedia\" itemscope itemtype=\"http:\/\/schema.org\/ImageObject\">\n<div class='thumbnail grid-item images' data-index=\"10\" style=' width: 200px; height: 200px;background-position: center center; background-size: cover; background-image: url(https:\/\/farm5.static.flickr.com\/4875\/46173144151_4c60594960.jpg);'>\n<a style='display:block; width:100%; height:100%;' href='?cws_album_id=72157704259226984' data-lightbox='result-set' data-title='Musikalean 2018'><div class='details albums'>\n<ul>\n<li class='title'>Musikalean 2018<\/li>\n<li><small>26 photos<\/small><\/ul>\n<\/div>\n<\/a>\n<\/div>\n<\/figure>\n<figure class=\"effect-\" data-index=\"11\" itemprop=\"associatedMedia\" itemscope itemtype=\"http:\/\/schema.org\/ImageObject\">\n<div class='thumbnail grid-item images' data-index=\"11\" style=' width: 200px; height: 200px;background-position: center center; background-size: cover; background-image: url(https:\/\/farm5.static.flickr.com\/4525\/38619302126_3659d4257f.jpg);'>\n<a style='display:block; width:100%; height:100%;' href='?cws_album_id=72157690161123995' data-lightbox='result-set' data-title='Musikalean 2017'><div class='details albums'>\n<ul>\n<li class='title'>Musikalean 2017<\/li>\n<li><small>33 photos<\/small><\/ul>\n<\/div>\n<\/a>\n<\/div>\n<\/figure>\n<figure class=\"effect-\" data-index=\"12\" itemprop=\"associatedMedia\" itemscope itemtype=\"http:\/\/schema.org\/ImageObject\">\n<div class='thumbnail grid-item images' data-index=\"12\" style=' width: 200px; height: 200px;background-position: center center; background-size: cover; background-image: url(https:\/\/farm6.static.flickr.com\/5582\/31127973926_bd21f14596.jpg);'>\n<a style='display:block; width:100%; height:100%;' href='?cws_album_id=72157676917914475' data-lightbox='result-set' data-title='MUSIKALEAN 2016'><div class='details albums'>\n<ul>\n<li class='title'>MUSIKALEAN 2016<\/li>\n<li><small>29 photos<\/small><\/ul>\n<\/div>\n<\/a>\n<\/div>\n<\/figure>\n<figure class=\"effect-\" data-index=\"13\" itemprop=\"associatedMedia\" itemscope itemtype=\"http:\/\/schema.org\/ImageObject\">\n<div class='thumbnail grid-item images' data-index=\"13\" style=' width: 200px; height: 200px;background-position: center center; background-size: cover; background-image: url(https:\/\/farm6.static.flickr.com\/5752\/22951716769_32aeb78557.jpg);'>\n<a style='display:block; width:100%; height:100%;' href='?cws_album_id=72157659344912674' data-lightbox='result-set' data-title='Musikalean 2015'><div class='details albums'>\n<ul>\n<li class='title'>Musikalean 2015<\/li>\n<li><small>57 photos<\/small><\/ul>\n<\/div>\n<\/a>\n<\/div>\n<\/figure>\n<figure class=\"effect-\" data-index=\"14\" itemprop=\"associatedMedia\" itemscope itemtype=\"http:\/\/schema.org\/ImageObject\">\n<div class='thumbnail grid-item images' data-index=\"14\" style=' width: 200px; height: 200px;background-position: center center; background-size: cover; background-image: url(https:\/\/farm1.static.flickr.com\/702\/22731225320_95812496b1.jpg);'>\n<a style='display:block; width:100%; height:100%;' href='?cws_album_id=72157658711510744' data-lightbox='result-set' data-title='JARDUNALDIA 2015'><div class='details albums'>\n<ul>\n<li class='title'>JARDUNALDIA 2015<\/li>\n<li><small>15 photos<\/small><\/ul>\n<\/div>\n<\/a>\n<\/div>\n<\/figure>\n<figure class=\"effect-\" data-index=\"15\" itemprop=\"associatedMedia\" itemscope itemtype=\"http:\/\/schema.org\/ImageObject\">\n<div class='thumbnail grid-item images' data-index=\"15\" style=' width: 200px; height: 200px;background-position: center center; background-size: cover; background-image: url(https:\/\/farm9.static.flickr.com\/8673\/15220953504_a5c7625107.jpg);'>\n<a style='display:block; width:100%; height:100%;' href='?cws_album_id=72157649333083806' data-lightbox='result-set' data-title='MUSIKALEAN 2014'><div class='details albums'>\n<ul>\n<li class='title'>MUSIKALEAN 2014<\/li>\n<li><small>90 photos<\/small><\/ul>\n<\/div>\n<\/a>\n<\/div>\n<\/figure>\n<figure class=\"effect-\" data-index=\"16\" itemprop=\"associatedMedia\" itemscope itemtype=\"http:\/\/schema.org\/ImageObject\">\n<div class='thumbnail grid-item images' data-index=\"16\" style=' width: 200px; height: 200px;background-position: center center; background-size: cover; background-image: url(https:\/\/farm8.static.flickr.com\/7564\/15147817844_cc336668f2.jpg);'>\n<a style='display:block; width:100%; height:100%;' href='?cws_album_id=72157649237936371' data-lightbox='result-set' data-title='JORNADA 2014'><div class='details albums'>\n<ul>\n<li class='title'>JORNADA 2014<\/li>\n<li><small>58 photos<\/small><\/ul>\n<\/div>\n<\/a>\n<\/div>\n<\/figure>\n<figure class=\"effect-\" data-index=\"17\" itemprop=\"associatedMedia\" itemscope itemtype=\"http:\/\/schema.org\/ImageObject\">\n<div class='thumbnail grid-item images' data-index=\"17\" style=' width: 200px; height: 200px;background-position: center center; background-size: cover; background-image: url(https:\/\/farm66.static.flickr.com\/65535\/53965303006_97c1e59044.jpg);'>\n<a style='display:block; width:100%; height:100%;' href='?cws_album_id=72177720319993731' data-lightbox='result-set' data-title='MUSIKALEAN 2013'><div class='details albums'>\n<ul>\n<li class='title'>MUSIKALEAN 2013<\/li>\n<li><small>25 photos<\/small><\/ul>\n<\/div>\n<\/a>\n<\/div>\n<\/figure>\n<figure class=\"effect-\" data-index=\"18\" itemprop=\"associatedMedia\" itemscope itemtype=\"http:\/\/schema.org\/ImageObject\">\n<div class='thumbnail grid-item images' data-index=\"18\" style=' width: 200px; height: 200px;background-position: center center; background-size: cover; background-image: url(https:\/\/farm8.static.flickr.com\/7047\/8689296797_aba59c8388.jpg);'>\n<a style='display:block; width:100%; height:100%;' href='?cws_album_id=72157633373280986' data-lightbox='result-set' data-title='MUSIKALDI 2013 - O\u00d1ATI'><div class='details albums'>\n<ul>\n<li class='title'>MUSIKALDI 2013 - O\u00d1ATI<\/li>\n<li><small>93 photos<\/small><\/ul>\n<\/div>\n<\/a>\n<\/div>\n<\/figure>\n<figure class=\"effect-\" data-index=\"19\" itemprop=\"associatedMedia\" itemscope itemtype=\"http:\/\/schema.org\/ImageObject\">\n<div class='thumbnail grid-item images' data-index=\"19\" style=' width: 200px; height: 200px;background-position: center center; background-size: cover; background-image: url(https:\/\/farm9.static.flickr.com\/8060\/8211409324_2850eebcca.jpg);'>\n<a style='display:block; width:100%; height:100%;' href='?cws_album_id=72157632081825202' data-lightbox='result-set' data-title='Musikalean 2012'><div class='details albums'>\n<ul>\n<li class='title'>Musikalean 2012<\/li>\n<li><small>42 photos<\/small><\/ul>\n<\/div>\n<\/a>\n<\/div>\n<\/figure>\n<figure class=\"effect-\" data-index=\"20\" itemprop=\"associatedMedia\" itemscope itemtype=\"http:\/\/schema.org\/ImageObject\">\n<div class='thumbnail grid-item images' data-index=\"20\" style=' width: 200px; height: 200px;background-position: center center; background-size: cover; background-image: url(https:\/\/farm8.static.flickr.com\/7014\/6393833029_65cbc4b1df.jpg);'>\n<a style='display:block; width:100%; height:100%;' href='?cws_album_id=72157628125122179' data-lightbox='result-set' data-title='Musikalean 2011'><div class='details albums'>\n<ul>\n<li class='title'>Musikalean 2011<\/li>\n<li><small>74 photos<\/small><\/ul>\n<\/div>\n<\/a>\n<\/div>\n<\/figure>\n<figure class=\"effect-\" data-index=\"21\" itemprop=\"associatedMedia\" itemscope itemtype=\"http:\/\/schema.org\/ImageObject\">\n<div class='thumbnail grid-item images' data-index=\"21\" style=' width: 200px; height: 200px;background-position: center center; background-size: cover; background-image: url(https:\/\/farm4.static.flickr.com\/3069\/5780680378_5f2dc6bf18.jpg);'>\n<a style='display:block; width:100%; height:100%;' href='?cws_album_id=72157626724494223' data-lightbox='result-set' data-title='MUSIKALDI 2011 - GASTEIZ'><div class='details albums'>\n<ul>\n<li class='title'>MUSIKALDI 2011 - GASTEIZ<\/li>\n<li><small>35 photos<\/small><\/ul>\n<\/div>\n<\/a>\n<\/div>\n<\/figure>\n<figure class=\"effect-\" data-index=\"22\" itemprop=\"associatedMedia\" itemscope itemtype=\"http:\/\/schema.org\/ImageObject\">\n<div class='thumbnail grid-item images' data-index=\"22\" style=' width: 200px; height: 200px;background-position: center center; background-size: cover; background-image: url(https:\/\/farm8.static.flickr.com\/7076\/7249588476_6359e66c65.jpg);'>\n<a style='display:block; width:100%; height:100%;' href='?cws_album_id=72157629849477954' data-lightbox='result-set' data-title='ALLEGROMOSSO'><div class='details albums'>\n<ul>\n<li class='title'>ALLEGROMOSSO<\/li>\n<li><small>111 photos<\/small><\/ul>\n<\/div>\n<\/a>\n<\/div>\n<\/figure>\n<figure class=\"effect-\" data-index=\"23\" itemprop=\"associatedMedia\" itemscope itemtype=\"http:\/\/schema.org\/ImageObject\">\n<div class='thumbnail grid-item images' data-index=\"23\" style=' width: 200px; height: 200px;background-position: center center; background-size: cover; background-image: url(https:\/\/farm6.static.flickr.com\/5184\/5832091194_e474cdd57d.jpg);'>\n<a style='display:block; width:100%; height:100%;' href='?cws_album_id=72157626834176345' data-lightbox='result-set' data-title='Musikalean 2010'><div class='details albums'>\n<ul>\n<li class='title'>Musikalean 2010<\/li>\n<li><small>40 photos<\/small><\/ul>\n<\/div>\n<\/a>\n<\/div>\n<\/figure>\n<figure class=\"effect-\" data-index=\"24\" itemprop=\"associatedMedia\" itemscope itemtype=\"http:\/\/schema.org\/ImageObject\">\n<div class='thumbnail grid-item images' data-index=\"24\" style=' width: 200px; height: 200px;background-position: center center; background-size: cover; background-image: url(https:\/\/farm3.static.flickr.com\/2428\/5832400276_4c85db3a4a.jpg);'>\n<a style='display:block; width:100%; height:100%;' href='?cws_album_id=72157626834045029' data-lightbox='result-set' data-title='Musikalean 2009'><div class='details albums'>\n<ul>\n<li class='title'>Musikalean 2009<\/li>\n<li><small>27 photos<\/small><\/ul>\n<\/div>\n<\/a>\n<\/div>\n<\/figure>\n<figure class=\"effect-\" data-index=\"25\" itemprop=\"associatedMedia\" itemscope itemtype=\"http:\/\/schema.org\/ImageObject\">\n<div class='thumbnail grid-item images' data-index=\"25\" style=' width: 200px; height: 200px;background-position: center center; background-size: cover; background-image: url(https:\/\/farm3.static.flickr.com\/2554\/5828190168_55604fe259.jpg);'>\n<a style='display:block; width:100%; height:100%;' href='?cws_album_id=72157626954956224' data-lightbox='result-set' data-title='Musikalean 2008'><div class='details albums'>\n<ul>\n<li class='title'>Musikalean 2008<\/li>\n<li><small>108 photos<\/small><\/ul>\n<\/div>\n<\/a>\n<\/div>\n<\/figure>\n<figure class=\"effect-\" data-index=\"26\" itemprop=\"associatedMedia\" itemscope itemtype=\"http:\/\/schema.org\/ImageObject\">\n<div class='thumbnail grid-item images' data-index=\"26\" style=' width: 200px; height: 200px;background-position: center center; background-size: cover; background-image: url(https:\/\/farm3.static.flickr.com\/2375\/5780681084_6d791d3c7e.jpg);'>\n<a style='display:block; width:100%; height:100%;' href='?cws_album_id=72157626724509339' data-lightbox='result-set' data-title='EMU-2011ko BATZAR OROKORRA'><div class='details albums'>\n<ul>\n<li class='title'>EMU-2011ko BATZAR OROKORRA<\/li>\n<li><small>65 photos<\/small><\/ul>\n<\/div>\n<\/a>\n<\/div>\n<\/figure>\n<\/div><\/div><\/div><br style='clear:both;'>[\/vc_column_text][\/vc_column][\/vc_row]<\/p>\n","protected":false},"excerpt":{"rendered":"<p>[vc_row][vc_column][vc_column_text][\/vc_column_text][\/vc_column][\/vc_row]<\/p>\n","protected":false},"author":9,"featured_media":0,"parent":0,"menu_order":45,"comment_status":"closed","ping_status":"closed","template":"","meta":{"footnotes":""},"class_list":["post-137888","page","type-page","status-publish","hentry"],"yoast_head":"<!-- This site is optimized with the Yoast SEO plugin v27.5 - https:\/\/yoast.com\/product\/yoast-seo-wordpress\/ -->\n<title>Galer\u00edas - EHME<\/title>\n<meta name=\"robots\" content=\"index, follow, max-snippet:-1, max-image-preview:large, max-video-preview:-1\" \/>\n<link rel=\"canonical\" href=\"https:\/\/ehme.eu\/galeriak\/\" \/>\n<meta property=\"og:locale\" content=\"es_ES\" \/>\n<meta property=\"og:type\" content=\"article\" \/>\n<meta property=\"og:title\" content=\"Galer\u00edas - EHME\" \/>\n<meta property=\"og:description\" content=\"[vc_row][vc_column][vc_column_text][\/vc_column_text][\/vc_column][\/vc_row]\" \/>\n<meta property=\"og:url\" content=\"https:\/\/ehme.eu\/galeriak\/\" \/>\n<meta property=\"og:site_name\" content=\"EHME\" \/>\n<meta property=\"article:modified_time\" content=\"2020-02-19T14:43:29+00:00\" \/>\n<meta name=\"twitter:card\" content=\"summary_large_image\" \/>\n<script type=\"application\/ld+json\" class=\"yoast-schema-graph\">{\"@context\":\"https:\\\/\\\/schema.org\",\"@graph\":[{\"@type\":\"WebPage\",\"@id\":\"https:\\\/\\\/ehme.eu\\\/galeriak\\\/\",\"url\":\"https:\\\/\\\/ehme.eu\\\/galeriak\\\/\",\"name\":\"Galer\u00edas - EHME\",\"isPartOf\":{\"@id\":\"https:\\\/\\\/ehme.eu\\\/#website\"},\"datePublished\":\"2020-02-18T11:07:42+00:00\",\"dateModified\":\"2020-02-19T14:43:29+00:00\",\"breadcrumb\":{\"@id\":\"https:\\\/\\\/ehme.eu\\\/galeriak\\\/#breadcrumb\"},\"inLanguage\":\"es\",\"potentialAction\":[{\"@type\":\"ReadAction\",\"target\":[\"https:\\\/\\\/ehme.eu\\\/galeriak\\\/\"]}]},{\"@type\":\"BreadcrumbList\",\"@id\":\"https:\\\/\\\/ehme.eu\\\/galeriak\\\/#breadcrumb\",\"itemListElement\":[{\"@type\":\"ListItem\",\"position\":1,\"name\":\"Portada\",\"item\":\"https:\\\/\\\/ehme.eu\\\/es\\\/\"},{\"@type\":\"ListItem\",\"position\":2,\"name\":\"Galer\u00edas\"}]},{\"@type\":\"WebSite\",\"@id\":\"https:\\\/\\\/ehme.eu\\\/#website\",\"url\":\"https:\\\/\\\/ehme.eu\\\/\",\"name\":\"EHME\",\"description\":\"Asociaci\u00f3n de Escuelas de M\u00fasica y Danza del Pa\u00eds Vasco\",\"potentialAction\":[{\"@type\":\"SearchAction\",\"target\":{\"@type\":\"EntryPoint\",\"urlTemplate\":\"https:\\\/\\\/ehme.eu\\\/?s={search_term_string}\"},\"query-input\":{\"@type\":\"PropertyValueSpecification\",\"valueRequired\":true,\"valueName\":\"search_term_string\"}}],\"inLanguage\":\"es\"}]}<\/script>\n<!-- \/ Yoast SEO plugin. -->","yoast_head_json":{"title":"Galer\u00edas - EHME","robots":{"index":"index","follow":"follow","max-snippet":"max-snippet:-1","max-image-preview":"max-image-preview:large","max-video-preview":"max-video-preview:-1"},"canonical":"https:\/\/ehme.eu\/galeriak\/","og_locale":"es_ES","og_type":"article","og_title":"Galer\u00edas - EHME","og_description":"[vc_row][vc_column][vc_column_text][\/vc_column_text][\/vc_column][\/vc_row]","og_url":"https:\/\/ehme.eu\/galeriak\/","og_site_name":"EHME","article_modified_time":"2020-02-19T14:43:29+00:00","twitter_card":"summary_large_image","schema":{"@context":"https:\/\/schema.org","@graph":[{"@type":"WebPage","@id":"https:\/\/ehme.eu\/galeriak\/","url":"https:\/\/ehme.eu\/galeriak\/","name":"Galer\u00edas - EHME","isPartOf":{"@id":"https:\/\/ehme.eu\/#website"},"datePublished":"2020-02-18T11:07:42+00:00","dateModified":"2020-02-19T14:43:29+00:00","breadcrumb":{"@id":"https:\/\/ehme.eu\/galeriak\/#breadcrumb"},"inLanguage":"es","potentialAction":[{"@type":"ReadAction","target":["https:\/\/ehme.eu\/galeriak\/"]}]},{"@type":"BreadcrumbList","@id":"https:\/\/ehme.eu\/galeriak\/#breadcrumb","itemListElement":[{"@type":"ListItem","position":1,"name":"Portada","item":"https:\/\/ehme.eu\/es\/"},{"@type":"ListItem","position":2,"name":"Galer\u00edas"}]},{"@type":"WebSite","@id":"https:\/\/ehme.eu\/#website","url":"https:\/\/ehme.eu\/","name":"EHME","description":"Asociaci\u00f3n de Escuelas de M\u00fasica y Danza del Pa\u00eds Vasco","potentialAction":[{"@type":"SearchAction","target":{"@type":"EntryPoint","urlTemplate":"https:\/\/ehme.eu\/?s={search_term_string}"},"query-input":{"@type":"PropertyValueSpecification","valueRequired":true,"valueName":"search_term_string"}}],"inLanguage":"es"}]}},"_links":{"self":[{"href":"https:\/\/ehme.eu\/es\/wp-json\/wp\/v2\/pages\/137888","targetHints":{"allow":["GET"]}}],"collection":[{"href":"https:\/\/ehme.eu\/es\/wp-json\/wp\/v2\/pages"}],"about":[{"href":"https:\/\/ehme.eu\/es\/wp-json\/wp\/v2\/types\/page"}],"author":[{"embeddable":true,"href":"https:\/\/ehme.eu\/es\/wp-json\/wp\/v2\/users\/9"}],"replies":[{"embeddable":true,"href":"https:\/\/ehme.eu\/es\/wp-json\/wp\/v2\/comments?post=137888"}],"version-history":[{"count":0,"href":"https:\/\/ehme.eu\/es\/wp-json\/wp\/v2\/pages\/137888\/revisions"}],"wp:attachment":[{"href":"https:\/\/ehme.eu\/es\/wp-json\/wp\/v2\/media?parent=137888"}],"curies":[{"name":"wp","href":"https:\/\/api.w.org\/{rel}","templated":true}]}}