{"id":252,"date":"2014-06-04T07:56:17","date_gmt":"2014-06-04T07:56:17","guid":{"rendered":"http:\/\/demo.cactusthemes.com\/university\/?page_id=252"},"modified":"2024-06-26T10:22:14","modified_gmt":"2024-06-26T10:22:14","slug":"contacto","status":"publish","type":"page","link":"https:\/\/ehme.eu\/es\/contacto\/","title":{"rendered":"Contacto"},"content":{"rendered":"<p>[vc_row][vc_column width=\u00bb1\/2&#8243;][vc_wp_text text=\u00bbAt vero eos et accusamus et iusto odio dignissimos ducimus qui blanditiis praesentium voluptatum deleniti atque corrupti quos. At vero eos et accusamus et iusto odio dignissimos. At vero eos et accusamus et iusto odio dignissimos.<\/p>\n<p>Email: example@gmail.com<br \/>\nAddress: 123 Main Street, Chicago, USA<br \/>\nTelephone: 0123 456 789&#8243; el_class=\u00bbu-underline\u00bb]<\/p>\n<h3><strong>EUSKAL HERRIKO MUSIKA ETA DANTZA ESKOLEN ELKARTEA (EHME)<\/strong><\/h3>\n<p>Andres Eliseo de Ma\u00f1aricua, 3-5\u00baD<br \/>\n48003 Bilbao (BIZKAIA)<br \/>\nTfno. 605 70 95 30<\/p>\n<p><a href=\"https:\/\/web.archive.org\/web\/20170304105949\/mailto:ehme@ehme.eu\">ehme@ehme.eu<\/a><\/p>\n<p>Att. Saioa Bergado Arregi[\/vc_wp_text]\n<div class=\"wpcf7 no-js\" id=\"wpcf7-f6-o1\" lang=\"en-US\" dir=\"ltr\" data-wpcf7-id=\"6\">\n<div class=\"screen-reader-response\"><p role=\"status\" aria-live=\"polite\" aria-atomic=\"true\"><\/p> <ul><\/ul><\/div>\n<form action=\"\/es\/wp-json\/wp\/v2\/pages\/252#wpcf7-f6-o1\" method=\"post\" class=\"wpcf7-form init\" aria-label=\"Contact form\" novalidate=\"novalidate\" data-status=\"init\">\n<fieldset class=\"hidden-fields-container\"><input type=\"hidden\" name=\"_wpcf7\" value=\"6\" \/><input type=\"hidden\" name=\"_wpcf7_version\" value=\"6.1.1\" \/><input type=\"hidden\" name=\"_wpcf7_locale\" value=\"en_US\" \/><input type=\"hidden\" name=\"_wpcf7_unit_tag\" value=\"wpcf7-f6-o1\" \/><input type=\"hidden\" name=\"_wpcf7_container_post\" value=\"0\" \/><input type=\"hidden\" name=\"_wpcf7_posted_data_hash\" value=\"\" \/><input type=\"hidden\" name=\"_wpcf7_recaptcha_response\" value=\"\" \/>\n<\/fieldset>\n<div class=\"widget-title\">\n\t<h3><b>\u00bfTienes alguna consulta?<\/b>\n\t<\/h3>\n<\/div>\n<p><span class=\"wpcf7-form-control-wrap\" data-name=\"nombre\"><input size=\"40\" maxlength=\"400\" class=\"wpcf7-form-control wpcf7-text wpcf7-validates-as-required\" aria-required=\"true\" aria-invalid=\"false\" placeholder=\"Nombre (requerido)\" value=\"\" type=\"text\" name=\"nombre\" \/><\/span><br \/>\n<span class=\"wpcf7-form-control-wrap\" data-name=\"telefono\"><input size=\"40\" maxlength=\"400\" class=\"wpcf7-form-control wpcf7-tel wpcf7-text wpcf7-validates-as-tel\" aria-invalid=\"false\" placeholder=\"Tel\u00e9fono\" value=\"\" type=\"tel\" name=\"telefono\" \/><\/span><span class=\"wpcf7-form-control-wrap\" data-name=\"email\"><input size=\"40\" maxlength=\"400\" class=\"wpcf7-form-control wpcf7-email wpcf7-validates-as-required wpcf7-text wpcf7-validates-as-email\" aria-required=\"true\" aria-invalid=\"false\" placeholder=\"Correo electr\u00f3nico (requerido)\" value=\"\" type=\"email\" name=\"email\" \/><\/span><br \/>\n<span class=\"wpcf7-form-control-wrap\" data-name=\"asunto\"><input size=\"40\" maxlength=\"400\" class=\"wpcf7-form-control wpcf7-text wpcf7-validates-as-required\" aria-required=\"true\" aria-invalid=\"false\" placeholder=\"Asunto (requerido)\" value=\"\" type=\"text\" name=\"asunto\" \/><\/span><br \/>\n<span class=\"wpcf7-form-control-wrap\" data-name=\"comentarios\"><textarea cols=\"40\" rows=\"4\" maxlength=\"2000\" class=\"wpcf7-form-control wpcf7-textarea\" aria-invalid=\"false\" placeholder=\"Mensaje (requerido)\" name=\"comentarios\"><\/textarea><\/span><br \/>\n<input class=\"wpcf7-form-control wpcf7-submit has-spinner\" type=\"submit\" value=\"Enviar\" \/>\n<\/p><div class=\"wpcf7-response-output\" aria-hidden=\"true\"><\/div>\n<\/form>\n<\/div>\n[\/vc_column][vc_column width=\u00bb1\/2&#8243;][vc_gmaps link=\u00bb#E-8_JTNDaWZyYW1lJTIwc3JjJTNEJTIyaHR0cHMlM0ElMkYlMkZ3d3cuZ29vZ2xlLmNvbSUyRm1hcHMlMkZlbWJlZCUzRnBiJTNEJTIxMW0xNCUyMTFtOCUyMTFtMyUyMTFkMTE2MjMuNTE0NzE2NDkxMTIxJTIxMmQtMi45MzA1MjkzJTIxM2Q0My4yNTM5NjQ0JTIxM20yJTIxMWkxMDI0JTIxMmk3NjglMjE0ZjEzLjElMjEzbTMlMjExbTIlMjExczB4MCUyNTNBMHhhNjZlZmJiMTIxNGFjMTcxJTIxMnNFdXNrYWwlMjUyMEhlcnJpa28lMjUyME11c2lrYSUyNTIwRXNrb2xlbiUyNTIwRWxrYXJ0ZWElMjUyMCUyOEVITUUlMjklMjE1ZTAlMjEzbTIlMjExc2VzJTIxMnNlcyUyMTR2MTU4MjExNjg0NjQ0OCUyMTVtMiUyMTFzZXMlMjEyc2VzJTIyJTIwd2lkdGglM0QlMjI2MDAlMjIlMjBoZWlnaHQlM0QlMjI0NTAlMjIlMjBmcmFtZWJvcmRlciUzRCUyMjAlMjIlMjBzdHlsZSUzRCUyMmJvcmRlciUzQTAlM0IlMjIlMjBhbGxvd2Z1bGxzY3JlZW4lM0QlMjIlMjIlM0UlM0MlMkZpZnJhbWUlM0U=\u00bb size=\u00bb650&#8243;][\/vc_column][\/vc_row]<\/p>\n","protected":false},"excerpt":{"rendered":"<p>[vc_row][vc_column width=\u00bb1\/2&#8243;][vc_wp_text text=\u00bbAt vero eos et accusamus et iusto odio dignissimos ducimus qui blanditiis praesentium voluptatum deleniti atque corrupti quos. At vero eos et accusamus et iusto odio dignissimos. At vero eos et accusamus et iusto odio dignissimos. Email: example@gmail.com Address: 123 Main Street, Chicago, USA Telephone: 0123 456 789&#8243; el_class=\u00bbu-underline\u00bb] EUSKAL HERRIKO MUSIKA ETA [&hellip;]<\/p>\n","protected":false},"author":9,"featured_media":0,"parent":0,"menu_order":90,"comment_status":"closed","ping_status":"closed","template":"","meta":{"footnotes":""},"class_list":["post-252","page","type-page","status-publish","hentry"],"yoast_head":"<!-- This site is optimized with the Yoast SEO plugin v27.5 - https:\/\/yoast.com\/product\/yoast-seo-wordpress\/ -->\n<title>Contacto - EHME<\/title>\n<meta name=\"robots\" content=\"index, follow, max-snippet:-1, max-image-preview:large, max-video-preview:-1\" \/>\n<link rel=\"canonical\" href=\"https:\/\/ehme.eu\/harremanak\/\" \/>\n<meta property=\"og:locale\" content=\"es_ES\" \/>\n<meta property=\"og:type\" content=\"article\" \/>\n<meta property=\"og:title\" content=\"Contacto - EHME\" \/>\n<meta property=\"og:description\" content=\"[vc_row][vc_column width=\u00bb1\/2&#8243;][vc_wp_text text=\u00bbAt vero eos et accusamus et iusto odio dignissimos ducimus qui blanditiis praesentium voluptatum deleniti atque corrupti quos. At vero eos et accusamus et iusto odio dignissimos. At vero eos et accusamus et iusto odio dignissimos. Email: example@gmail.com Address: 123 Main Street, Chicago, USA Telephone: 0123 456 789&#8243; el_class=\u00bbu-underline\u00bb] EUSKAL HERRIKO MUSIKA ETA [&hellip;]\" \/>\n<meta property=\"og:url\" content=\"https:\/\/ehme.eu\/harremanak\/\" \/>\n<meta property=\"og:site_name\" content=\"EHME\" \/>\n<meta property=\"article:modified_time\" content=\"2024-06-26T10:22:14+00:00\" \/>\n<meta name=\"twitter:card\" content=\"summary_large_image\" \/>\n<meta name=\"twitter:label1\" content=\"Tiempo de lectura\" \/>\n\t<meta name=\"twitter:data1\" content=\"1 minuto\" \/>\n<script type=\"application\/ld+json\" class=\"yoast-schema-graph\">{\"@context\":\"https:\\\/\\\/schema.org\",\"@graph\":[{\"@type\":\"WebPage\",\"@id\":\"https:\\\/\\\/ehme.eu\\\/harremanak\\\/\",\"url\":\"https:\\\/\\\/ehme.eu\\\/harremanak\\\/\",\"name\":\"Contacto - EHME\",\"isPartOf\":{\"@id\":\"https:\\\/\\\/ehme.eu\\\/#website\"},\"datePublished\":\"2014-06-04T07:56:17+00:00\",\"dateModified\":\"2024-06-26T10:22:14+00:00\",\"breadcrumb\":{\"@id\":\"https:\\\/\\\/ehme.eu\\\/harremanak\\\/#breadcrumb\"},\"inLanguage\":\"es\",\"potentialAction\":[{\"@type\":\"ReadAction\",\"target\":[\"https:\\\/\\\/ehme.eu\\\/harremanak\\\/\"]}]},{\"@type\":\"BreadcrumbList\",\"@id\":\"https:\\\/\\\/ehme.eu\\\/harremanak\\\/#breadcrumb\",\"itemListElement\":[{\"@type\":\"ListItem\",\"position\":1,\"name\":\"Portada\",\"item\":\"https:\\\/\\\/ehme.eu\\\/es\\\/\"},{\"@type\":\"ListItem\",\"position\":2,\"name\":\"Contacto\"}]},{\"@type\":\"WebSite\",\"@id\":\"https:\\\/\\\/ehme.eu\\\/#website\",\"url\":\"https:\\\/\\\/ehme.eu\\\/\",\"name\":\"EHME\",\"description\":\"Asociaci\u00f3n de Escuelas de M\u00fasica y Danza del Pa\u00eds Vasco\",\"potentialAction\":[{\"@type\":\"SearchAction\",\"target\":{\"@type\":\"EntryPoint\",\"urlTemplate\":\"https:\\\/\\\/ehme.eu\\\/?s={search_term_string}\"},\"query-input\":{\"@type\":\"PropertyValueSpecification\",\"valueRequired\":true,\"valueName\":\"search_term_string\"}}],\"inLanguage\":\"es\"}]}<\/script>\n<!-- \/ Yoast SEO plugin. -->","yoast_head_json":{"title":"Contacto - EHME","robots":{"index":"index","follow":"follow","max-snippet":"max-snippet:-1","max-image-preview":"max-image-preview:large","max-video-preview":"max-video-preview:-1"},"canonical":"https:\/\/ehme.eu\/harremanak\/","og_locale":"es_ES","og_type":"article","og_title":"Contacto - EHME","og_description":"[vc_row][vc_column width=\u00bb1\/2&#8243;][vc_wp_text text=\u00bbAt vero eos et accusamus et iusto odio dignissimos ducimus qui blanditiis praesentium voluptatum deleniti atque corrupti quos. At vero eos et accusamus et iusto odio dignissimos. At vero eos et accusamus et iusto odio dignissimos. Email: example@gmail.com Address: 123 Main Street, Chicago, USA Telephone: 0123 456 789&#8243; el_class=\u00bbu-underline\u00bb] EUSKAL HERRIKO MUSIKA ETA [&hellip;]","og_url":"https:\/\/ehme.eu\/harremanak\/","og_site_name":"EHME","article_modified_time":"2024-06-26T10:22:14+00:00","twitter_card":"summary_large_image","twitter_misc":{"Tiempo de lectura":"1 minuto"},"schema":{"@context":"https:\/\/schema.org","@graph":[{"@type":"WebPage","@id":"https:\/\/ehme.eu\/harremanak\/","url":"https:\/\/ehme.eu\/harremanak\/","name":"Contacto - EHME","isPartOf":{"@id":"https:\/\/ehme.eu\/#website"},"datePublished":"2014-06-04T07:56:17+00:00","dateModified":"2024-06-26T10:22:14+00:00","breadcrumb":{"@id":"https:\/\/ehme.eu\/harremanak\/#breadcrumb"},"inLanguage":"es","potentialAction":[{"@type":"ReadAction","target":["https:\/\/ehme.eu\/harremanak\/"]}]},{"@type":"BreadcrumbList","@id":"https:\/\/ehme.eu\/harremanak\/#breadcrumb","itemListElement":[{"@type":"ListItem","position":1,"name":"Portada","item":"https:\/\/ehme.eu\/es\/"},{"@type":"ListItem","position":2,"name":"Contacto"}]},{"@type":"WebSite","@id":"https:\/\/ehme.eu\/#website","url":"https:\/\/ehme.eu\/","name":"EHME","description":"Asociaci\u00f3n de Escuelas de M\u00fasica y Danza del Pa\u00eds Vasco","potentialAction":[{"@type":"SearchAction","target":{"@type":"EntryPoint","urlTemplate":"https:\/\/ehme.eu\/?s={search_term_string}"},"query-input":{"@type":"PropertyValueSpecification","valueRequired":true,"valueName":"search_term_string"}}],"inLanguage":"es"}]}},"_links":{"self":[{"href":"https:\/\/ehme.eu\/es\/wp-json\/wp\/v2\/pages\/252","targetHints":{"allow":["GET"]}}],"collection":[{"href":"https:\/\/ehme.eu\/es\/wp-json\/wp\/v2\/pages"}],"about":[{"href":"https:\/\/ehme.eu\/es\/wp-json\/wp\/v2\/types\/page"}],"author":[{"embeddable":true,"href":"https:\/\/ehme.eu\/es\/wp-json\/wp\/v2\/users\/9"}],"replies":[{"embeddable":true,"href":"https:\/\/ehme.eu\/es\/wp-json\/wp\/v2\/comments?post=252"}],"version-history":[{"count":0,"href":"https:\/\/ehme.eu\/es\/wp-json\/wp\/v2\/pages\/252\/revisions"}],"wp:attachment":[{"href":"https:\/\/ehme.eu\/es\/wp-json\/wp\/v2\/media?parent=252"}],"curies":[{"name":"wp","href":"https:\/\/api.w.org\/{rel}","templated":true}]}}